{"id":1166,"date":"2021-09-03T21:04:50","date_gmt":"2021-09-03T19:04:50","guid":{"rendered":"http:\/\/psychologue-chloehamelin.com\/index.php\/services\/"},"modified":"2022-10-20T16:13:44","modified_gmt":"2022-10-20T14:13:44","slug":"services","status":"publish","type":"page","link":"https:\/\/psychologue-chloehamelin.com\/index.php\/services\/","title":{"rendered":"Services"},"content":{"rendered":"\t\t<div data-elementor-type=\"wp-page\" data-elementor-id=\"1166\" class=\"elementor elementor-1166\">\n\t\t\t\t\t\t\t\t\t<section class=\"elementor-section elementor-top-section elementor-element elementor-element-751264bc elementor-reverse-mobile elementor-section-full_width elementor-section-height-default elementor-section-height-default\" data-id=\"751264bc\" data-element_type=\"section\" data-settings=\"{&quot;background_background&quot;:&quot;classic&quot;}\">\n\t\t\t\t\t\t\t<div class=\"elementor-background-overlay\"><\/div>\n\t\t\t\t\t\t\t<div class=\"elementor-container elementor-column-gap-default\">\n\t\t\t\t\t<div class=\"elementor-column elementor-col-25 elementor-top-column elementor-element elementor-element-5cbc0dc4 elementor-hidden-phone\" data-id=\"5cbc0dc4\" data-element_type=\"column\" data-settings=\"{&quot;background_background&quot;:&quot;classic&quot;}\">\n\t\t\t<div class=\"elementor-widget-wrap\">\n\t\t\t\t\t\t\t\t\t<\/div>\n\t\t<\/div>\n\t\t\t\t<div class=\"elementor-column elementor-col-25 elementor-top-column elementor-element elementor-element-580944f2\" data-id=\"580944f2\" data-element_type=\"column\">\n\t\t\t<div class=\"elementor-widget-wrap elementor-element-populated\">\n\t\t\t\t\t\t\t\t<div class=\"elementor-element elementor-element-2680a744 elementor-invisible elementor-widget elementor-widget-image\" data-id=\"2680a744\" data-element_type=\"widget\" data-settings=\"{&quot;_animation&quot;:&quot;fadeIn&quot;}\" data-widget_type=\"image.default\">\n\t\t\t\t<div class=\"elementor-widget-container\">\n\t\t\t<style>\/*! elementor - v3.7.7 - 20-09-2022 *\/\n.elementor-widget-image{text-align:center}.elementor-widget-image a{display:inline-block}.elementor-widget-image a img[src$=\".svg\"]{width:48px}.elementor-widget-image img{vertical-align:middle;display:inline-block}<\/style>\t\t\t\t\t\t\t\t\t\t\t\t<img loading=\"lazy\" decoding=\"async\" width=\"640\" height=\"674\" src=\"https:\/\/psychologue-chloehamelin.com\/wp-content\/uploads\/2022\/10\/milada-vigerova-kT0tsYZ2YE0-unsplash.jpg\" class=\"attachment-medium_large size-medium_large\" alt=\"\" srcset=\"https:\/\/psychologue-chloehamelin.com\/wp-content\/uploads\/2022\/10\/milada-vigerova-kT0tsYZ2YE0-unsplash.jpg 640w, https:\/\/psychologue-chloehamelin.com\/wp-content\/uploads\/2022\/10\/milada-vigerova-kT0tsYZ2YE0-unsplash-285x300.jpg 285w, https:\/\/psychologue-chloehamelin.com\/wp-content\/uploads\/2022\/10\/milada-vigerova-kT0tsYZ2YE0-unsplash-600x632.jpg 600w\" sizes=\"auto, (max-width: 640px) 100vw, 640px\" \/>\t\t\t\t\t\t\t\t\t\t\t\t\t\t\t<\/div>\n\t\t\t\t<\/div>\n\t\t\t\t\t<\/div>\n\t\t<\/div>\n\t\t\t\t<div class=\"elementor-column elementor-col-25 elementor-top-column elementor-element elementor-element-717f6fb\" data-id=\"717f6fb\" data-element_type=\"column\">\n\t\t\t<div class=\"elementor-widget-wrap elementor-element-populated\">\n\t\t\t\t\t\t\t\t<div class=\"elementor-element elementor-element-750e3345 elementor-widget elementor-widget-heading\" data-id=\"750e3345\" data-element_type=\"widget\" data-widget_type=\"heading.default\">\n\t\t\t\t<div class=\"elementor-widget-container\">\n\t\t\t<style>\/*! elementor - v3.7.7 - 20-09-2022 *\/\n.elementor-heading-title{padding:0;margin:0;line-height:1}.elementor-widget-heading .elementor-heading-title[class*=elementor-size-]>a{color:inherit;font-size:inherit;line-height:inherit}.elementor-widget-heading .elementor-heading-title.elementor-size-small{font-size:15px}.elementor-widget-heading .elementor-heading-title.elementor-size-medium{font-size:19px}.elementor-widget-heading .elementor-heading-title.elementor-size-large{font-size:29px}.elementor-widget-heading .elementor-heading-title.elementor-size-xl{font-size:39px}.elementor-widget-heading .elementor-heading-title.elementor-size-xxl{font-size:59px}<\/style><h1 class=\"elementor-heading-title elementor-size-default\">Accompagnement des traumatismes<\/h1>\t\t<\/div>\n\t\t\t\t<\/div>\n\t\t\t\t<div class=\"elementor-element elementor-element-4c4c2669 elementor-widget elementor-widget-text-editor\" data-id=\"4c4c2669\" data-element_type=\"widget\" data-widget_type=\"text-editor.default\">\n\t\t\t\t<div class=\"elementor-widget-container\">\n\t\t\t<style>\/*! elementor - v3.7.7 - 20-09-2022 *\/\n.elementor-widget-text-editor.elementor-drop-cap-view-stacked .elementor-drop-cap{background-color:#818a91;color:#fff}.elementor-widget-text-editor.elementor-drop-cap-view-framed .elementor-drop-cap{color:#818a91;border:3px solid;background-color:transparent}.elementor-widget-text-editor:not(.elementor-drop-cap-view-default) .elementor-drop-cap{margin-top:8px}.elementor-widget-text-editor:not(.elementor-drop-cap-view-default) .elementor-drop-cap-letter{width:1em;height:1em}.elementor-widget-text-editor .elementor-drop-cap{float:left;text-align:center;line-height:1;font-size:50px}.elementor-widget-text-editor .elementor-drop-cap-letter{display:inline-block}<\/style>\t\t\t\t\t\t\t\t\t\t<\/div>\n\t\t\t\t<\/div>\n\t\t\t\t\t<\/div>\n\t\t<\/div>\n\t\t\t\t<div class=\"elementor-column elementor-col-25 elementor-top-column elementor-element elementor-element-466ef9bc elementor-hidden-tablet elementor-hidden-phone\" data-id=\"466ef9bc\" data-element_type=\"column\">\n\t\t\t<div class=\"elementor-widget-wrap\">\n\t\t\t\t\t\t\t\t\t<\/div>\n\t\t<\/div>\n\t\t\t\t\t\t\t<\/div>\n\t\t<\/section>\n\t\t\t\t<section class=\"elementor-section elementor-top-section elementor-element elementor-element-4f2bf665 elementor-reverse-mobile elementor-section-boxed elementor-section-height-default elementor-section-height-default\" data-id=\"4f2bf665\" data-element_type=\"section\" data-settings=\"{&quot;background_background&quot;:&quot;classic&quot;}\">\n\t\t\t\t\t\t\t<div class=\"elementor-background-overlay\"><\/div>\n\t\t\t\t\t\t\t<div class=\"elementor-container elementor-column-gap-default\">\n\t\t\t\t\t<div class=\"elementor-column elementor-col-50 elementor-top-column elementor-element elementor-element-7c5d4ec2\" data-id=\"7c5d4ec2\" data-element_type=\"column\">\n\t\t\t<div class=\"elementor-widget-wrap elementor-element-populated\">\n\t\t\t\t\t\t\t\t<div class=\"elementor-element elementor-element-21dded50 elementor-widget elementor-widget-heading\" data-id=\"21dded50\" data-element_type=\"widget\" data-widget_type=\"heading.default\">\n\t\t\t\t<div class=\"elementor-widget-container\">\n\t\t\t<h2 class=\"elementor-heading-title elementor-size-default\">Qu'est-ce qu'un traumatisme ?<\/h2>\t\t<\/div>\n\t\t\t\t<\/div>\n\t\t\t\t<div class=\"elementor-element elementor-element-4824e749 elementor-widget elementor-widget-text-editor\" data-id=\"4824e749\" data-element_type=\"widget\" data-widget_type=\"text-editor.default\">\n\t\t\t\t<div class=\"elementor-widget-container\">\n\t\t\t\t\t\t\t<p>Le traumatisme et plus particuli\u00e8rement le traumatisme psychique est associ\u00e9 \u00e0 l\u2019id\u00e9e du choc. En psychologie, on aborde le traumatisme psychique comme \u00e9tant la r\u00e9sultante d\u2019un \u00e9v\u00e8nement qui est venu faire irruption dans la vie d\u2019une personne de fa\u00e7on impr\u00e9visible (on parle d\u2019\u00e9tat de surprise), ce qui augmente le sentiment de choc auquel la personne est confront\u00e9e.<\/p>\t\t\t\t\t\t<\/div>\n\t\t\t\t<\/div>\n\t\t\t\t\t<\/div>\n\t\t<\/div>\n\t\t\t\t<div class=\"elementor-column elementor-col-50 elementor-top-column elementor-element elementor-element-2613b38f\" data-id=\"2613b38f\" data-element_type=\"column\">\n\t\t\t<div class=\"elementor-widget-wrap elementor-element-populated\">\n\t\t\t\t\t\t\t\t<div class=\"elementor-element elementor-element-54ec908f elementor-invisible elementor-widget elementor-widget-image\" data-id=\"54ec908f\" data-element_type=\"widget\" data-settings=\"{&quot;_animation&quot;:&quot;fadeInUp&quot;}\" data-widget_type=\"image.default\">\n\t\t\t\t<div class=\"elementor-widget-container\">\n\t\t\t\t\t\t\t\t\t\t\t\t\t\t\t<img loading=\"lazy\" decoding=\"async\" width=\"488\" height=\"598\" src=\"https:\/\/psychologue-chloehamelin.com\/wp-content\/uploads\/2022\/10\/trauma-1.png\" class=\"attachment-medium_large size-medium_large\" alt=\"\" srcset=\"https:\/\/psychologue-chloehamelin.com\/wp-content\/uploads\/2022\/10\/trauma-1.png 488w, https:\/\/psychologue-chloehamelin.com\/wp-content\/uploads\/2022\/10\/trauma-1-245x300.png 245w\" sizes=\"auto, (max-width: 488px) 100vw, 488px\" \/>\t\t\t\t\t\t\t\t\t\t\t\t\t\t\t<\/div>\n\t\t\t\t<\/div>\n\t\t\t\t<div class=\"elementor-element elementor-element-57428507 elementor-widget elementor-widget-image\" data-id=\"57428507\" data-element_type=\"widget\" data-widget_type=\"image.default\">\n\t\t\t\t<div class=\"elementor-widget-container\">\n\t\t\t\t\t\t\t\t\t\t\t\t\t\t\t<img loading=\"lazy\" decoding=\"async\" width=\"450\" height=\"225\" src=\"https:\/\/psychologue-chloehamelin.com\/wp-content\/uploads\/2022\/10\/half-circle.svg\" class=\"attachment-medium_large size-medium_large\" alt=\"\" \/>\t\t\t\t\t\t\t\t\t\t\t\t\t\t\t<\/div>\n\t\t\t\t<\/div>\n\t\t\t\t\t<\/div>\n\t\t<\/div>\n\t\t\t\t\t\t\t<\/div>\n\t\t<\/section>\n\t\t\t\t<section class=\"elementor-section elementor-top-section elementor-element elementor-element-58f1b487 elementor-section-boxed elementor-section-height-default elementor-section-height-default\" data-id=\"58f1b487\" data-element_type=\"section\" data-settings=\"{&quot;background_background&quot;:&quot;classic&quot;}\">\n\t\t\t\t\t\t\t<div class=\"elementor-background-overlay\"><\/div>\n\t\t\t\t\t\t\t<div class=\"elementor-container elementor-column-gap-default\">\n\t\t\t\t\t<div class=\"elementor-column elementor-col-50 elementor-top-column elementor-element elementor-element-4d713fa8\" data-id=\"4d713fa8\" data-element_type=\"column\">\n\t\t\t<div class=\"elementor-widget-wrap elementor-element-populated\">\n\t\t\t\t\t\t\t\t<div class=\"elementor-element elementor-element-751cda16 elementor-invisible elementor-widget elementor-widget-image\" data-id=\"751cda16\" data-element_type=\"widget\" data-settings=\"{&quot;_animation&quot;:&quot;fadeInUp&quot;}\" data-widget_type=\"image.default\">\n\t\t\t\t<div class=\"elementor-widget-container\">\n\t\t\t\t\t\t\t\t\t\t\t\t\t\t\t<img loading=\"lazy\" decoding=\"async\" width=\"488\" height=\"598\" src=\"https:\/\/psychologue-chloehamelin.com\/wp-content\/uploads\/2022\/10\/trauma-2.png\" class=\"attachment-medium_large size-medium_large\" alt=\"\" srcset=\"https:\/\/psychologue-chloehamelin.com\/wp-content\/uploads\/2022\/10\/trauma-2.png 488w, https:\/\/psychologue-chloehamelin.com\/wp-content\/uploads\/2022\/10\/trauma-2-245x300.png 245w\" sizes=\"auto, (max-width: 488px) 100vw, 488px\" \/>\t\t\t\t\t\t\t\t\t\t\t\t\t\t\t<\/div>\n\t\t\t\t<\/div>\n\t\t\t\t<div class=\"elementor-element elementor-element-5048473a elementor-widget elementor-widget-image\" data-id=\"5048473a\" data-element_type=\"widget\" data-widget_type=\"image.default\">\n\t\t\t\t<div class=\"elementor-widget-container\">\n\t\t\t\t\t\t\t\t\t\t\t\t\t\t\t<img loading=\"lazy\" decoding=\"async\" width=\"450\" height=\"225\" src=\"https:\/\/psychologue-chloehamelin.com\/wp-content\/uploads\/2022\/10\/half-circle.svg\" class=\"attachment-medium_large size-medium_large\" alt=\"\" \/>\t\t\t\t\t\t\t\t\t\t\t\t\t\t\t<\/div>\n\t\t\t\t<\/div>\n\t\t\t\t\t<\/div>\n\t\t<\/div>\n\t\t\t\t<div class=\"elementor-column elementor-col-50 elementor-top-column elementor-element elementor-element-25664917\" data-id=\"25664917\" data-element_type=\"column\">\n\t\t\t<div class=\"elementor-widget-wrap elementor-element-populated\">\n\t\t\t\t\t\t\t\t<div class=\"elementor-element elementor-element-43ef8073 elementor-widget elementor-widget-heading\" data-id=\"43ef8073\" data-element_type=\"widget\" data-widget_type=\"heading.default\">\n\t\t\t\t<div class=\"elementor-widget-container\">\n\t\t\t<h2 class=\"elementor-heading-title elementor-size-default\">Le traumatisme : une blessure psychique<\/h2>\t\t<\/div>\n\t\t\t\t<\/div>\n\t\t\t\t<div class=\"elementor-element elementor-element-3a97422f elementor-widget elementor-widget-text-editor\" data-id=\"3a97422f\" data-element_type=\"widget\" data-widget_type=\"text-editor.default\">\n\t\t\t\t<div class=\"elementor-widget-container\">\n\t\t\t\t\t\t\t<p>La notion de traumatisme est souvent employ\u00e9e dans le domaine m\u00e9dical pour parler de blessures physiques. En psychologie, nous sommes aussi face \u00e0 des blessures mais des blessures psychiques. La particularit\u00e9 de ces blessures est qu\u2019elles ne sont pas directement visibles. Seulement, nous retrouvons certains sympt\u00f4mes chez le sujet traumatis\u00e9 qui sont des cons\u00e9quences de l\u2019\u00e9v\u00e8nement traumatique v\u00e9cu.<\/p><p>Le traumatisme am\u00e8ne souvent une sensation particuli\u00e8re concernant le rapport au temps. Effectivement, la personne ayant v\u00e9cue une situation traumatique peut distinguer la personne qu\u2019elle \u00e9tait avant l\u2019\u00e9v\u00e8nement et la personne qu\u2019elle est aujourd\u2019hui.<\/p><p>De plus, le traumatisme peut prendre plusieurs formes. Il peut s\u2019agir d\u2019un \u00e9v\u00e8nement violent unique qui s\u2019est av\u00e9r\u00e9 pour la personne ou bien de plusieurs situations de violences r\u00e9p\u00e9t\u00e9es et durables qui se sont cumul\u00e9es.<\/p>\t\t\t\t\t\t<\/div>\n\t\t\t\t<\/div>\n\t\t\t\t\t<\/div>\n\t\t<\/div>\n\t\t\t\t\t\t\t<\/div>\n\t\t<\/section>\n\t\t\t\t<section class=\"elementor-section elementor-top-section elementor-element elementor-element-17190486 elementor-reverse-mobile elementor-section-boxed elementor-section-height-default elementor-section-height-default\" data-id=\"17190486\" data-element_type=\"section\" data-settings=\"{&quot;background_background&quot;:&quot;classic&quot;}\">\n\t\t\t\t\t\t\t<div class=\"elementor-background-overlay\"><\/div>\n\t\t\t\t\t\t\t<div class=\"elementor-container elementor-column-gap-default\">\n\t\t\t\t\t<div class=\"elementor-column elementor-col-50 elementor-top-column elementor-element elementor-element-cdd9eb4\" data-id=\"cdd9eb4\" data-element_type=\"column\">\n\t\t\t<div class=\"elementor-widget-wrap elementor-element-populated\">\n\t\t\t\t\t\t\t\t<div class=\"elementor-element elementor-element-b3da403 elementor-widget elementor-widget-heading\" data-id=\"b3da403\" data-element_type=\"widget\" data-widget_type=\"heading.default\">\n\t\t\t\t<div class=\"elementor-widget-container\">\n\t\t\t<h2 class=\"elementor-heading-title elementor-size-default\">Ce que ressent une personne traumatis\u00e9e <\/h2>\t\t<\/div>\n\t\t\t\t<\/div>\n\t\t\t\t<div class=\"elementor-element elementor-element-7e0a6422 elementor-widget elementor-widget-text-editor\" data-id=\"7e0a6422\" data-element_type=\"widget\" data-widget_type=\"text-editor.default\">\n\t\t\t\t<div class=\"elementor-widget-container\">\n\t\t\t\t\t\t\t<p>Le traumatisme confronte la personne face au sentiment d\u2019effroi dans un contexte qui engendre un certain rapport au r\u00e9el de la mort.\u00a0<\/p><p>Cette exp\u00e9rience traumatique va confronter l\u2019individu face \u00e0 la panne de ses m\u00e9canismes de d\u00e9fenses habituels en raison de la sid\u00e9ration \u00e0 laquelle il est confront\u00e9. C\u2019est pour cela que certains individus traumatis\u00e9s peuvent \u00e9voquer cet \u00e9v\u00e8nement comme \u00e9tant un trou noir au sein de leurs souvenirs.\u00a0<\/p><p>Cet \u00e9v\u00e8nement peut \u00eatre v\u00e9cu comme \u00e9tant irr\u00e9el avec une sensation de ne plus \u00eatre dans la r\u00e9alit\u00e9.<\/p><p>Le choc \u00e9motionnel ressenti emp\u00eache la personne de mettre du sens, ou de pouvoir se repr\u00e9senter ce qu\u2019il s\u2019est pass\u00e9.<\/p>\t\t\t\t\t\t<\/div>\n\t\t\t\t<\/div>\n\t\t\t\t\t<\/div>\n\t\t<\/div>\n\t\t\t\t<div class=\"elementor-column elementor-col-50 elementor-top-column elementor-element elementor-element-4afb073a\" data-id=\"4afb073a\" data-element_type=\"column\">\n\t\t\t<div class=\"elementor-widget-wrap elementor-element-populated\">\n\t\t\t\t\t\t\t\t<div class=\"elementor-element elementor-element-37f255f6 elementor-invisible elementor-widget elementor-widget-image\" data-id=\"37f255f6\" data-element_type=\"widget\" data-settings=\"{&quot;_animation&quot;:&quot;fadeInUp&quot;}\" data-widget_type=\"image.default\">\n\t\t\t\t<div class=\"elementor-widget-container\">\n\t\t\t\t\t\t\t\t\t\t\t\t\t\t\t<img loading=\"lazy\" decoding=\"async\" width=\"488\" height=\"598\" src=\"https:\/\/psychologue-chloehamelin.com\/wp-content\/uploads\/2022\/10\/trauma-3.png\" class=\"attachment-medium_large size-medium_large\" alt=\"\" srcset=\"https:\/\/psychologue-chloehamelin.com\/wp-content\/uploads\/2022\/10\/trauma-3.png 488w, https:\/\/psychologue-chloehamelin.com\/wp-content\/uploads\/2022\/10\/trauma-3-245x300.png 245w\" sizes=\"auto, (max-width: 488px) 100vw, 488px\" \/>\t\t\t\t\t\t\t\t\t\t\t\t\t\t\t<\/div>\n\t\t\t\t<\/div>\n\t\t\t\t<div class=\"elementor-element elementor-element-61e6cb4c elementor-widget elementor-widget-image\" data-id=\"61e6cb4c\" data-element_type=\"widget\" data-widget_type=\"image.default\">\n\t\t\t\t<div class=\"elementor-widget-container\">\n\t\t\t\t\t\t\t\t\t\t\t\t\t\t\t<img loading=\"lazy\" decoding=\"async\" width=\"450\" height=\"225\" src=\"https:\/\/psychologue-chloehamelin.com\/wp-content\/uploads\/2022\/10\/half-circle.svg\" class=\"attachment-medium_large size-medium_large\" alt=\"\" \/>\t\t\t\t\t\t\t\t\t\t\t\t\t\t\t<\/div>\n\t\t\t\t<\/div>\n\t\t\t\t\t<\/div>\n\t\t<\/div>\n\t\t\t\t\t\t\t<\/div>\n\t\t<\/section>\n\t\t\t\t<section class=\"elementor-section elementor-top-section elementor-element elementor-element-51fa5111 elementor-section-boxed elementor-section-height-default elementor-section-height-default\" data-id=\"51fa5111\" data-element_type=\"section\" data-settings=\"{&quot;background_background&quot;:&quot;classic&quot;}\">\n\t\t\t\t\t\t\t<div class=\"elementor-background-overlay\"><\/div>\n\t\t\t\t\t\t\t<div class=\"elementor-container elementor-column-gap-default\">\n\t\t\t\t\t<div class=\"elementor-column elementor-col-50 elementor-top-column elementor-element elementor-element-73085b70\" data-id=\"73085b70\" data-element_type=\"column\">\n\t\t\t<div class=\"elementor-widget-wrap elementor-element-populated\">\n\t\t\t\t\t\t\t\t<div class=\"elementor-element elementor-element-2a825a79 elementor-invisible elementor-widget elementor-widget-image\" data-id=\"2a825a79\" data-element_type=\"widget\" data-settings=\"{&quot;_animation&quot;:&quot;fadeInUp&quot;}\" data-widget_type=\"image.default\">\n\t\t\t\t<div class=\"elementor-widget-container\">\n\t\t\t\t\t\t\t\t\t\t\t\t\t\t\t<img loading=\"lazy\" decoding=\"async\" width=\"488\" height=\"598\" src=\"https:\/\/psychologue-chloehamelin.com\/wp-content\/uploads\/2022\/10\/trauma-4-copie.png\" class=\"attachment-medium_large size-medium_large\" alt=\"\" srcset=\"https:\/\/psychologue-chloehamelin.com\/wp-content\/uploads\/2022\/10\/trauma-4-copie.png 488w, https:\/\/psychologue-chloehamelin.com\/wp-content\/uploads\/2022\/10\/trauma-4-copie-245x300.png 245w\" sizes=\"auto, (max-width: 488px) 100vw, 488px\" \/>\t\t\t\t\t\t\t\t\t\t\t\t\t\t\t<\/div>\n\t\t\t\t<\/div>\n\t\t\t\t<div class=\"elementor-element elementor-element-189768ae elementor-widget elementor-widget-image\" data-id=\"189768ae\" data-element_type=\"widget\" data-widget_type=\"image.default\">\n\t\t\t\t<div class=\"elementor-widget-container\">\n\t\t\t\t\t\t\t\t\t\t\t\t\t\t\t<img loading=\"lazy\" decoding=\"async\" width=\"450\" height=\"225\" src=\"https:\/\/psychologue-chloehamelin.com\/wp-content\/uploads\/2022\/10\/half-circle.svg\" class=\"attachment-medium_large size-medium_large\" alt=\"\" \/>\t\t\t\t\t\t\t\t\t\t\t\t\t\t\t<\/div>\n\t\t\t\t<\/div>\n\t\t\t\t\t<\/div>\n\t\t<\/div>\n\t\t\t\t<div class=\"elementor-column elementor-col-50 elementor-top-column elementor-element elementor-element-190408ec\" data-id=\"190408ec\" data-element_type=\"column\">\n\t\t\t<div class=\"elementor-widget-wrap elementor-element-populated\">\n\t\t\t\t\t\t\t\t<div class=\"elementor-element elementor-element-60175c82 elementor-widget elementor-widget-heading\" data-id=\"60175c82\" data-element_type=\"widget\" data-widget_type=\"heading.default\">\n\t\t\t\t<div class=\"elementor-widget-container\">\n\t\t\t<h2 class=\"elementor-heading-title elementor-size-default\">L'apparition des sympt\u00f4mes<\/h2>\t\t<\/div>\n\t\t\t\t<\/div>\n\t\t\t\t<div class=\"elementor-element elementor-element-73fd7c6d elementor-widget elementor-widget-text-editor\" data-id=\"73fd7c6d\" data-element_type=\"widget\" data-widget_type=\"text-editor.default\">\n\t\t\t\t<div class=\"elementor-widget-container\">\n\t\t\t\t\t\t\t<p>Cependant, des sympt\u00f4mes peuvent faire irruption comme des flashbacks qui conduisent \u00e0 revivre la sc\u00e8ne lors de son sommeil, cr\u00e9ant parfois des troubles du sommeil. Une hypervigilance peut \u00e9galement s\u2019activer, entrainant la personne face \u00e0 la difficult\u00e9 pour pouvoir se sentir en s\u00e9curit\u00e9 dans son quotidien.\u00a0<\/p><p>L\u2019individu peut aussi faire face au trou noir \u00e9voqu\u00e9 pr\u00e9c\u00e9demment amenant une incapacit\u00e9 \u00e0 se rappeler d\u2019une partie de sa vie, c\u2019est aussi ce qu\u2019on appelle la m\u00e9moire traumatique.\u00a0<\/p><p>Ce peut \u00eatre aussi des images qui peuvent survenir au quotidien, qui viennent \u00eatre r\u00e9activ\u00e9es par les activit\u00e9s sensoriels (image, odeur, son etc.).\u00a0<\/p><p>Le traumatisme peut aussi amener d\u2019autres sympt\u00f4mes comme des troubles alimentaires, des conduites d\u2019addictions, des passages \u00e0 l\u2019acte suicidaire, des troubles psychosomatiques (douleurs au sein du corps) etc.<\/p>\t\t\t\t\t\t<\/div>\n\t\t\t\t<\/div>\n\t\t\t\t\t<\/div>\n\t\t<\/div>\n\t\t\t\t\t\t\t<\/div>\n\t\t<\/section>\n\t\t\t\t<section class=\"elementor-section elementor-top-section elementor-element elementor-element-70e083ba elementor-section-boxed elementor-section-height-default elementor-section-height-default\" data-id=\"70e083ba\" data-element_type=\"section\" id=\"start\" data-settings=\"{&quot;background_background&quot;:&quot;classic&quot;}\">\n\t\t\t\t\t\t\t<div class=\"elementor-background-overlay\"><\/div>\n\t\t\t\t\t\t\t<div class=\"elementor-container elementor-column-gap-default\">\n\t\t\t\t\t<div class=\"elementor-column elementor-col-100 elementor-top-column elementor-element elementor-element-55e54980\" data-id=\"55e54980\" data-element_type=\"column\">\n\t\t\t<div class=\"elementor-widget-wrap elementor-element-populated\">\n\t\t\t\t\t\t\t\t<div class=\"elementor-element elementor-element-5d4586b3 elementor-widget elementor-widget-heading\" data-id=\"5d4586b3\" data-element_type=\"widget\" data-widget_type=\"heading.default\">\n\t\t\t\t<div class=\"elementor-widget-container\">\n\t\t\t<h2 class=\"elementor-heading-title elementor-size-default\">Ma mission<\/h2>\t\t<\/div>\n\t\t\t\t<\/div>\n\t\t\t\t<div class=\"elementor-element elementor-element-2e1dde58 elementor-widget elementor-widget-heading\" data-id=\"2e1dde58\" data-element_type=\"widget\" data-widget_type=\"heading.default\">\n\t\t\t\t<div class=\"elementor-widget-container\">\n\t\t\t<p class=\"elementor-heading-title elementor-size-default\">Comment je peux vous accompagner<\/p>\t\t<\/div>\n\t\t\t\t<\/div>\n\t\t\t\t<div class=\"elementor-element elementor-element-251851c4 elementor-widget elementor-widget-text-editor\" data-id=\"251851c4\" data-element_type=\"widget\" data-widget_type=\"text-editor.default\">\n\t\t\t\t<div class=\"elementor-widget-container\">\n\t\t\t\t\t\t\t<p>L\u2019accompagnement psychologique vous permettra de pouvoir en parler avec une personne qui connait le sujet et qui vous comprendra. Cela sans jugement, aucun.\u00a0<\/p><p>De plus, il n\u2019est pas obligatoire de passer par la parole quand celle-ci est bloqu\u00e9e, nous pouvons passer par d\u2019autres supports permettant l\u2019expression de ce qui est possible pour vous.\u00a0<\/p><p>De m\u00eame, si vous le souhaitez, nous pouvons partir de situations r\u00e9centes qui vous ont amen\u00e9es \u00e0 consulter sans pour autant \u00e9voquer le traumatisme si cela est trop dur pour vous.\u00a0<\/p><p>\u00catre psychologue ayant une sp\u00e9cialisation du traumatisme me permet de m\u2019ajuster \u00e0 vous, \u00e0 vos besoins et de vous laisser le temps dont vous avez besoin pour pouvoir \u00eatre suffisamment en s\u00e9curit\u00e9 au sein de l\u2019espace que je vous propose.\u00a0<\/p><p>Afin que nous puissions, ensemble, mettre du sens l\u00e0 o\u00f9 vous en ressentez le besoin afin que vous puissiez mieux vivre et retrouver une position active et plus sereine dans votre quotidien.<\/p>\t\t\t\t\t\t<\/div>\n\t\t\t\t<\/div>\n\t\t\t\t\t<\/div>\n\t\t<\/div>\n\t\t\t\t\t\t\t<\/div>\n\t\t<\/section>\n\t\t\t\t\t\t\t<\/div>\n\t\t","protected":false},"excerpt":{"rendered":"<p>Accompagnement des traumatismes Qu&rsquo;est-ce qu&rsquo;un traumatisme ? Le traumatisme et plus particuli\u00e8rement le traumatisme psychique est associ\u00e9 \u00e0 l\u2019id\u00e9e du choc. En psychologie, on aborde le traumatisme psychique comme \u00e9tant la r\u00e9sultante d\u2019un \u00e9v\u00e8nement qui est venu faire irruption dans la vie d\u2019une personne de fa\u00e7on impr\u00e9visible (on parle d\u2019\u00e9tat de surprise), ce qui augmente [&hellip;]<\/p>\n","protected":false},"author":1,"featured_media":0,"parent":0,"menu_order":0,"comment_status":"closed","ping_status":"closed","template":"elementor_header_footer","meta":{"_monsterinsights_skip_tracking":false,"_monsterinsights_sitenote_active":false,"_monsterinsights_sitenote_note":"","_monsterinsights_sitenote_category":0,"footnotes":""},"class_list":["post-1166","page","type-page","status-publish","hentry"],"_links":{"self":[{"href":"https:\/\/psychologue-chloehamelin.com\/index.php\/wp-json\/wp\/v2\/pages\/1166","targetHints":{"allow":["GET"]}}],"collection":[{"href":"https:\/\/psychologue-chloehamelin.com\/index.php\/wp-json\/wp\/v2\/pages"}],"about":[{"href":"https:\/\/psychologue-chloehamelin.com\/index.php\/wp-json\/wp\/v2\/types\/page"}],"author":[{"embeddable":true,"href":"https:\/\/psychologue-chloehamelin.com\/index.php\/wp-json\/wp\/v2\/users\/1"}],"replies":[{"embeddable":true,"href":"https:\/\/psychologue-chloehamelin.com\/index.php\/wp-json\/wp\/v2\/comments?post=1166"}],"version-history":[{"count":72,"href":"https:\/\/psychologue-chloehamelin.com\/index.php\/wp-json\/wp\/v2\/pages\/1166\/revisions"}],"predecessor-version":[{"id":1564,"href":"https:\/\/psychologue-chloehamelin.com\/index.php\/wp-json\/wp\/v2\/pages\/1166\/revisions\/1564"}],"wp:attachment":[{"href":"https:\/\/psychologue-chloehamelin.com\/index.php\/wp-json\/wp\/v2\/media?parent=1166"}],"curies":[{"name":"wp","href":"https:\/\/api.w.org\/{rel}","templated":true}]}}