{"id":1169,"date":"2021-09-03T21:04:50","date_gmt":"2021-09-03T19:04:50","guid":{"rendered":"http:\/\/psychologue-chloehamelin.com\/index.php\/service\/"},"modified":"2022-10-20T16:17:21","modified_gmt":"2022-10-20T14:17:21","slug":"service","status":"publish","type":"page","link":"https:\/\/psychologue-chloehamelin.com\/index.php\/service\/","title":{"rendered":"Service"},"content":{"rendered":"\t\t<div data-elementor-type=\"wp-page\" data-elementor-id=\"1169\" class=\"elementor elementor-1169\">\n\t\t\t\t\t\t\t\t\t<section class=\"elementor-section elementor-top-section elementor-element elementor-element-1b37f171 elementor-reverse-mobile elementor-section-full_width elementor-section-height-default elementor-section-height-default\" data-id=\"1b37f171\" data-element_type=\"section\" data-settings=\"{&quot;background_background&quot;:&quot;classic&quot;}\">\n\t\t\t\t\t\t\t<div class=\"elementor-background-overlay\"><\/div>\n\t\t\t\t\t\t\t<div class=\"elementor-container elementor-column-gap-default\">\n\t\t\t\t\t<div class=\"elementor-column elementor-col-25 elementor-top-column elementor-element elementor-element-44745d1b elementor-hidden-phone\" data-id=\"44745d1b\" data-element_type=\"column\" data-settings=\"{&quot;background_background&quot;:&quot;classic&quot;}\">\n\t\t\t<div class=\"elementor-widget-wrap\">\n\t\t\t\t\t\t\t\t\t<\/div>\n\t\t<\/div>\n\t\t\t\t<div class=\"elementor-column elementor-col-25 elementor-top-column elementor-element elementor-element-1892760c\" data-id=\"1892760c\" data-element_type=\"column\">\n\t\t\t<div class=\"elementor-widget-wrap elementor-element-populated\">\n\t\t\t\t\t\t\t\t<div class=\"elementor-element elementor-element-2143b3d3 elementor-invisible elementor-widget elementor-widget-image\" data-id=\"2143b3d3\" data-element_type=\"widget\" data-settings=\"{&quot;_animation&quot;:&quot;fadeIn&quot;}\" data-widget_type=\"image.default\">\n\t\t\t\t<div class=\"elementor-widget-container\">\n\t\t\t<style>\/*! elementor - v3.7.7 - 20-09-2022 *\/\n.elementor-widget-image{text-align:center}.elementor-widget-image a{display:inline-block}.elementor-widget-image a img[src$=\".svg\"]{width:48px}.elementor-widget-image img{vertical-align:middle;display:inline-block}<\/style>\t\t\t\t\t\t\t\t\t\t\t\t<img loading=\"lazy\" decoding=\"async\" width=\"2048\" height=\"1366\" src=\"https:\/\/psychologue-chloehamelin.com\/wp-content\/uploads\/2022\/10\/lightstock_151434_medium_tim-2048x1366.jpeg\" class=\"attachment-2048x2048 size-2048x2048\" alt=\"\" srcset=\"https:\/\/psychologue-chloehamelin.com\/wp-content\/uploads\/2022\/10\/lightstock_151434_medium_tim-2048x1366.jpeg 2048w, https:\/\/psychologue-chloehamelin.com\/wp-content\/uploads\/2022\/10\/lightstock_151434_medium_tim-300x200.jpeg 300w, https:\/\/psychologue-chloehamelin.com\/wp-content\/uploads\/2022\/10\/lightstock_151434_medium_tim-1024x683.jpeg 1024w, https:\/\/psychologue-chloehamelin.com\/wp-content\/uploads\/2022\/10\/lightstock_151434_medium_tim-768x512.jpeg 768w, https:\/\/psychologue-chloehamelin.com\/wp-content\/uploads\/2022\/10\/lightstock_151434_medium_tim-1536x1024.jpeg 1536w, https:\/\/psychologue-chloehamelin.com\/wp-content\/uploads\/2022\/10\/lightstock_151434_medium_tim-600x400.jpeg 600w\" sizes=\"auto, (max-width: 2048px) 100vw, 2048px\" \/>\t\t\t\t\t\t\t\t\t\t\t\t\t\t\t<\/div>\n\t\t\t\t<\/div>\n\t\t\t\t\t<\/div>\n\t\t<\/div>\n\t\t\t\t<div class=\"elementor-column elementor-col-25 elementor-top-column elementor-element elementor-element-1f22252c\" data-id=\"1f22252c\" data-element_type=\"column\">\n\t\t\t<div class=\"elementor-widget-wrap elementor-element-populated\">\n\t\t\t\t\t\t\t\t<div class=\"elementor-element elementor-element-452598d7 elementor-widget elementor-widget-heading\" data-id=\"452598d7\" data-element_type=\"widget\" data-widget_type=\"heading.default\">\n\t\t\t\t<div class=\"elementor-widget-container\">\n\t\t\t<style>\/*! elementor - v3.7.7 - 20-09-2022 *\/\n.elementor-heading-title{padding:0;margin:0;line-height:1}.elementor-widget-heading .elementor-heading-title[class*=elementor-size-]>a{color:inherit;font-size:inherit;line-height:inherit}.elementor-widget-heading .elementor-heading-title.elementor-size-small{font-size:15px}.elementor-widget-heading .elementor-heading-title.elementor-size-medium{font-size:19px}.elementor-widget-heading .elementor-heading-title.elementor-size-large{font-size:29px}.elementor-widget-heading .elementor-heading-title.elementor-size-xl{font-size:39px}.elementor-widget-heading .elementor-heading-title.elementor-size-xxl{font-size:59px}<\/style><h1 class=\"elementor-heading-title elementor-size-default\">Le transg\u00e9n\u00e9rationnel<\/h1>\t\t<\/div>\n\t\t\t\t<\/div>\n\t\t\t\t<div class=\"elementor-element elementor-element-15bb0c6e elementor-widget elementor-widget-text-editor\" data-id=\"15bb0c6e\" data-element_type=\"widget\" data-widget_type=\"text-editor.default\">\n\t\t\t\t<div class=\"elementor-widget-container\">\n\t\t\t<style>\/*! elementor - v3.7.7 - 20-09-2022 *\/\n.elementor-widget-text-editor.elementor-drop-cap-view-stacked .elementor-drop-cap{background-color:#818a91;color:#fff}.elementor-widget-text-editor.elementor-drop-cap-view-framed .elementor-drop-cap{color:#818a91;border:3px solid;background-color:transparent}.elementor-widget-text-editor:not(.elementor-drop-cap-view-default) .elementor-drop-cap{margin-top:8px}.elementor-widget-text-editor:not(.elementor-drop-cap-view-default) .elementor-drop-cap-letter{width:1em;height:1em}.elementor-widget-text-editor .elementor-drop-cap{float:left;text-align:center;line-height:1;font-size:50px}.elementor-widget-text-editor .elementor-drop-cap-letter{display:inline-block}<\/style>\t\t\t\t\t\t\t\t\t\t<\/div>\n\t\t\t\t<\/div>\n\t\t\t\t\t<\/div>\n\t\t<\/div>\n\t\t\t\t<div class=\"elementor-column elementor-col-25 elementor-top-column elementor-element elementor-element-27589095 elementor-hidden-tablet elementor-hidden-phone\" data-id=\"27589095\" data-element_type=\"column\">\n\t\t\t<div class=\"elementor-widget-wrap\">\n\t\t\t\t\t\t\t\t\t<\/div>\n\t\t<\/div>\n\t\t\t\t\t\t\t<\/div>\n\t\t<\/section>\n\t\t\t\t<section class=\"elementor-section elementor-top-section elementor-element elementor-element-6afc0bc5 elementor-reverse-mobile elementor-section-boxed elementor-section-height-default elementor-section-height-default\" data-id=\"6afc0bc5\" data-element_type=\"section\" data-settings=\"{&quot;background_background&quot;:&quot;classic&quot;}\">\n\t\t\t\t\t\t\t<div class=\"elementor-background-overlay\"><\/div>\n\t\t\t\t\t\t\t<div class=\"elementor-container elementor-column-gap-default\">\n\t\t\t\t\t<div class=\"elementor-column elementor-col-50 elementor-top-column elementor-element elementor-element-6c254000\" data-id=\"6c254000\" data-element_type=\"column\">\n\t\t\t<div class=\"elementor-widget-wrap elementor-element-populated\">\n\t\t\t\t\t\t\t\t<div class=\"elementor-element elementor-element-2c4408c6 elementor-widget elementor-widget-heading\" data-id=\"2c4408c6\" data-element_type=\"widget\" data-widget_type=\"heading.default\">\n\t\t\t\t<div class=\"elementor-widget-container\">\n\t\t\t<h2 class=\"elementor-heading-title elementor-size-default\">Qu'est-ce que c'est ? <\/h2>\t\t<\/div>\n\t\t\t\t<\/div>\n\t\t\t\t<div class=\"elementor-element elementor-element-57f5b474 elementor-widget elementor-widget-text-editor\" data-id=\"57f5b474\" data-element_type=\"widget\" data-widget_type=\"text-editor.default\">\n\t\t\t\t<div class=\"elementor-widget-container\">\n\t\t\t\t\t\t\t<p>Le transg\u00e9n\u00e9rationnel repose sur l\u2019id\u00e9e du lien psychique qui existe entre les diff\u00e9rents membres de la famille.<\/p><p>L\u2019individu est d\u00e8s sa naissance inscrit dans un groupe, il s\u2019agit du groupe familial. Par cons\u00e9quent la transmission a lieu sous forme de \u00ab\u00a0bagage\u00a0\u00bb qui sera mobilis\u00e9 ou non par celui qui le re\u00e7oit, c\u2019est-\u00e0-dire, par l\u2019h\u00e9ritier. Il y a l\u00e0 la notion de mouvement d\u2019un lieu \u00e0 un autre. La transmission familiale est l\u2019objet d\u2019un mouvement qui s\u2019inscrit dans une certaine continuit\u00e9.<\/p>\t\t\t\t\t\t<\/div>\n\t\t\t\t<\/div>\n\t\t\t\t\t<\/div>\n\t\t<\/div>\n\t\t\t\t<div class=\"elementor-column elementor-col-50 elementor-top-column elementor-element elementor-element-63bdeec\" data-id=\"63bdeec\" data-element_type=\"column\">\n\t\t\t<div class=\"elementor-widget-wrap elementor-element-populated\">\n\t\t\t\t\t\t\t\t<div class=\"elementor-element elementor-element-3d1e720d elementor-invisible elementor-widget elementor-widget-image\" data-id=\"3d1e720d\" data-element_type=\"widget\" data-settings=\"{&quot;_animation&quot;:&quot;fadeInUp&quot;}\" data-widget_type=\"image.default\">\n\t\t\t\t<div class=\"elementor-widget-container\">\n\t\t\t\t\t\t\t\t\t\t\t\t\t\t\t<img loading=\"lazy\" decoding=\"async\" width=\"488\" height=\"598\" src=\"https:\/\/psychologue-chloehamelin.com\/wp-content\/uploads\/2022\/10\/transge\u0301ne\u0301rationnel.png\" class=\"attachment-medium_large size-medium_large\" alt=\"\" srcset=\"https:\/\/psychologue-chloehamelin.com\/wp-content\/uploads\/2022\/10\/transge\u0301ne\u0301rationnel.png 488w, https:\/\/psychologue-chloehamelin.com\/wp-content\/uploads\/2022\/10\/transge\u0301ne\u0301rationnel-245x300.png 245w\" sizes=\"auto, (max-width: 488px) 100vw, 488px\" \/>\t\t\t\t\t\t\t\t\t\t\t\t\t\t\t<\/div>\n\t\t\t\t<\/div>\n\t\t\t\t<div class=\"elementor-element elementor-element-4e67ca9e elementor-widget elementor-widget-image\" data-id=\"4e67ca9e\" data-element_type=\"widget\" data-widget_type=\"image.default\">\n\t\t\t\t<div class=\"elementor-widget-container\">\n\t\t\t\t\t\t\t\t\t\t\t\t\t\t\t<img loading=\"lazy\" decoding=\"async\" width=\"450\" height=\"225\" src=\"https:\/\/psychologue-chloehamelin.com\/wp-content\/uploads\/2022\/10\/half-circle.svg\" class=\"attachment-medium_large size-medium_large\" alt=\"\" \/>\t\t\t\t\t\t\t\t\t\t\t\t\t\t\t<\/div>\n\t\t\t\t<\/div>\n\t\t\t\t\t<\/div>\n\t\t<\/div>\n\t\t\t\t\t\t\t<\/div>\n\t\t<\/section>\n\t\t\t\t<section class=\"elementor-section elementor-top-section elementor-element elementor-element-5cb8c30c elementor-section-boxed elementor-section-height-default elementor-section-height-default\" data-id=\"5cb8c30c\" data-element_type=\"section\" data-settings=\"{&quot;background_background&quot;:&quot;classic&quot;}\">\n\t\t\t\t\t\t\t<div class=\"elementor-background-overlay\"><\/div>\n\t\t\t\t\t\t\t<div class=\"elementor-container elementor-column-gap-default\">\n\t\t\t\t\t<div class=\"elementor-column elementor-col-50 elementor-top-column elementor-element elementor-element-562362d0\" data-id=\"562362d0\" data-element_type=\"column\">\n\t\t\t<div class=\"elementor-widget-wrap elementor-element-populated\">\n\t\t\t\t\t\t\t\t<div class=\"elementor-element elementor-element-767307d4 elementor-invisible elementor-widget elementor-widget-image\" data-id=\"767307d4\" data-element_type=\"widget\" data-settings=\"{&quot;_animation&quot;:&quot;fadeInUp&quot;}\" data-widget_type=\"image.default\">\n\t\t\t\t<div class=\"elementor-widget-container\">\n\t\t\t\t\t\t\t\t\t\t\t\t\t\t\t<img loading=\"lazy\" decoding=\"async\" width=\"488\" height=\"598\" src=\"https:\/\/psychologue-chloehamelin.com\/wp-content\/uploads\/2022\/10\/transge\u0301ne\u0301rationnel-2.png\" class=\"attachment-medium_large size-medium_large\" alt=\"\" srcset=\"https:\/\/psychologue-chloehamelin.com\/wp-content\/uploads\/2022\/10\/transge\u0301ne\u0301rationnel-2.png 488w, https:\/\/psychologue-chloehamelin.com\/wp-content\/uploads\/2022\/10\/transge\u0301ne\u0301rationnel-2-245x300.png 245w\" sizes=\"auto, (max-width: 488px) 100vw, 488px\" \/>\t\t\t\t\t\t\t\t\t\t\t\t\t\t\t<\/div>\n\t\t\t\t<\/div>\n\t\t\t\t<div class=\"elementor-element elementor-element-c265c68 elementor-widget elementor-widget-image\" data-id=\"c265c68\" data-element_type=\"widget\" data-widget_type=\"image.default\">\n\t\t\t\t<div class=\"elementor-widget-container\">\n\t\t\t\t\t\t\t\t\t\t\t\t\t\t\t<img loading=\"lazy\" decoding=\"async\" width=\"450\" height=\"225\" src=\"https:\/\/psychologue-chloehamelin.com\/wp-content\/uploads\/2022\/10\/half-circle.svg\" class=\"attachment-medium_large size-medium_large\" alt=\"\" \/>\t\t\t\t\t\t\t\t\t\t\t\t\t\t\t<\/div>\n\t\t\t\t<\/div>\n\t\t\t\t\t<\/div>\n\t\t<\/div>\n\t\t\t\t<div class=\"elementor-column elementor-col-50 elementor-top-column elementor-element elementor-element-785a72d8\" data-id=\"785a72d8\" data-element_type=\"column\">\n\t\t\t<div class=\"elementor-widget-wrap elementor-element-populated\">\n\t\t\t\t\t\t\t\t<div class=\"elementor-element elementor-element-7d94ea7a elementor-widget elementor-widget-heading\" data-id=\"7d94ea7a\" data-element_type=\"widget\" data-widget_type=\"heading.default\">\n\t\t\t\t<div class=\"elementor-widget-container\">\n\t\t\t<h2 class=\"elementor-heading-title elementor-size-default\">Transmission psychique transg\u00e9n\u00e9rationnelle <\/h2>\t\t<\/div>\n\t\t\t\t<\/div>\n\t\t\t\t<div class=\"elementor-element elementor-element-1a801893 elementor-widget elementor-widget-text-editor\" data-id=\"1a801893\" data-element_type=\"widget\" data-widget_type=\"text-editor.default\">\n\t\t\t\t<div class=\"elementor-widget-container\">\n\t\t\t\t\t\t\t<p>Au sein du groupe famille, on se transmet une histoire familiale, une m\u00e9moire mais aussi des secrets ou bien encore des traumatismes.<\/p><p>La transmission psychique s\u2019organise au-del\u00e0 d\u2019un projet conscient, sa dimension inconsciente nous \u00e9chappe. Ainsi cette transmission semble plut\u00f4t \u00eatre invisible et parfois m\u00eame indicible.<\/p><p>On parle de transmission psychique trang\u00e9n\u00e9rationnelle quand il y a par exemple, des deuils non faits, des traumatismes non \u00e9labor\u00e9s, quand il y a des non-dits ou encore des secrets de famille.<\/p><p>Cette forme de transmission peut prendre la voie du processus d\u2019identification que l\u2019enfant a envers son parent. L\u2019individu construit et diff\u00e9rencie sa personnalit\u00e9 par une s\u00e9rie d\u2019identifications.<\/p>\t\t\t\t\t\t<\/div>\n\t\t\t\t<\/div>\n\t\t\t\t\t<\/div>\n\t\t<\/div>\n\t\t\t\t\t\t\t<\/div>\n\t\t<\/section>\n\t\t\t\t<section class=\"elementor-section elementor-top-section elementor-element elementor-element-16050184 elementor-reverse-mobile elementor-section-boxed elementor-section-height-default elementor-section-height-default\" data-id=\"16050184\" data-element_type=\"section\" data-settings=\"{&quot;background_background&quot;:&quot;classic&quot;}\">\n\t\t\t\t\t\t\t<div class=\"elementor-background-overlay\"><\/div>\n\t\t\t\t\t\t\t<div class=\"elementor-container elementor-column-gap-default\">\n\t\t\t\t\t<div class=\"elementor-column elementor-col-50 elementor-top-column elementor-element elementor-element-119fc849\" data-id=\"119fc849\" data-element_type=\"column\">\n\t\t\t<div class=\"elementor-widget-wrap elementor-element-populated\">\n\t\t\t\t\t\t\t\t<div class=\"elementor-element elementor-element-5bc150e1 elementor-widget elementor-widget-heading\" data-id=\"5bc150e1\" data-element_type=\"widget\" data-widget_type=\"heading.default\">\n\t\t\t\t<div class=\"elementor-widget-container\">\n\t\t\t<h2 class=\"elementor-heading-title elementor-size-default\">L'h\u00e9ritier des \"bagages familiaux\"<\/h2>\t\t<\/div>\n\t\t\t\t<\/div>\n\t\t\t\t<div class=\"elementor-element elementor-element-31e31277 elementor-widget elementor-widget-text-editor\" data-id=\"31e31277\" data-element_type=\"widget\" data-widget_type=\"text-editor.default\">\n\t\t\t\t<div class=\"elementor-widget-container\">\n\t\t\t\t\t\t\t<p>Ce qu\u2019il faut en comprendre, c\u2019est que parfois, il est possible qu\u2019en \u00e9tant l\u2019h\u00e9ritier de \u00ab&nbsp;bagages&nbsp;\u00bb familiaux, vous pouvez \u00eatre amen\u00e9s \u00e0 vivre des traumatismes qui sont en lien avec des traumatismes qui ont d\u00e9j\u00e0 eu lieu pour des personnes de votre lign\u00e9e familiale.<\/p>\n<p>De plus, pour se construire psychiquement, dans votre enfance, vous passez par ce processus d\u2019identification aux parents car ces derniers repr\u00e9sentent vos figures parentales qui vont vous accompagner dans votre d\u00e9veloppement physique et psychique et que ce processus d\u2019identification est une voie par laquelle l\u2019h\u00e9ritage se transmet.&nbsp;<\/p>\n<p>La construction psychique et identitaire repose notamment sur un \u00e9l\u00e9ment qui est l\u2019environnement dans lequel vous grandissez. Par cons\u00e9quent, ce param\u00e8tre environnemental est aussi \u00e0 prendre en compte pour permettre de mettre du sens sur ce qu\u2019il vous arrive.<\/p>\t\t\t\t\t\t<\/div>\n\t\t\t\t<\/div>\n\t\t\t\t\t<\/div>\n\t\t<\/div>\n\t\t\t\t<div class=\"elementor-column elementor-col-50 elementor-top-column elementor-element elementor-element-28d9e7b5\" data-id=\"28d9e7b5\" data-element_type=\"column\">\n\t\t\t<div class=\"elementor-widget-wrap elementor-element-populated\">\n\t\t\t\t\t\t\t\t<div class=\"elementor-element elementor-element-44f88b4d elementor-invisible elementor-widget elementor-widget-image\" data-id=\"44f88b4d\" data-element_type=\"widget\" data-settings=\"{&quot;_animation&quot;:&quot;fadeInUp&quot;}\" data-widget_type=\"image.default\">\n\t\t\t\t<div class=\"elementor-widget-container\">\n\t\t\t\t\t\t\t\t\t\t\t\t\t\t\t<img loading=\"lazy\" decoding=\"async\" width=\"488\" height=\"598\" src=\"https:\/\/psychologue-chloehamelin.com\/wp-content\/uploads\/2022\/10\/transge\u0301ne\u0301rationnel-3.png\" class=\"attachment-medium_large size-medium_large\" alt=\"\" srcset=\"https:\/\/psychologue-chloehamelin.com\/wp-content\/uploads\/2022\/10\/transge\u0301ne\u0301rationnel-3.png 488w, https:\/\/psychologue-chloehamelin.com\/wp-content\/uploads\/2022\/10\/transge\u0301ne\u0301rationnel-3-245x300.png 245w\" sizes=\"auto, (max-width: 488px) 100vw, 488px\" \/>\t\t\t\t\t\t\t\t\t\t\t\t\t\t\t<\/div>\n\t\t\t\t<\/div>\n\t\t\t\t<div class=\"elementor-element elementor-element-3e8510f elementor-widget elementor-widget-image\" data-id=\"3e8510f\" data-element_type=\"widget\" data-widget_type=\"image.default\">\n\t\t\t\t<div class=\"elementor-widget-container\">\n\t\t\t\t\t\t\t\t\t\t\t\t\t\t\t<img loading=\"lazy\" decoding=\"async\" width=\"450\" height=\"225\" src=\"https:\/\/psychologue-chloehamelin.com\/wp-content\/uploads\/2022\/10\/half-circle.svg\" class=\"attachment-medium_large size-medium_large\" alt=\"\" \/>\t\t\t\t\t\t\t\t\t\t\t\t\t\t\t<\/div>\n\t\t\t\t<\/div>\n\t\t\t\t\t<\/div>\n\t\t<\/div>\n\t\t\t\t\t\t\t<\/div>\n\t\t<\/section>\n\t\t\t\t<section class=\"elementor-section elementor-top-section elementor-element elementor-element-354f3e7e elementor-section-boxed elementor-section-height-default elementor-section-height-default\" data-id=\"354f3e7e\" data-element_type=\"section\" id=\"start\" data-settings=\"{&quot;background_background&quot;:&quot;classic&quot;}\">\n\t\t\t\t\t\t\t<div class=\"elementor-background-overlay\"><\/div>\n\t\t\t\t\t\t\t<div class=\"elementor-container elementor-column-gap-default\">\n\t\t\t\t\t<div class=\"elementor-column elementor-col-100 elementor-top-column elementor-element elementor-element-3d12d2e1\" data-id=\"3d12d2e1\" data-element_type=\"column\">\n\t\t\t<div class=\"elementor-widget-wrap elementor-element-populated\">\n\t\t\t\t\t\t\t\t<div class=\"elementor-element elementor-element-3ef66c26 elementor-widget elementor-widget-heading\" data-id=\"3ef66c26\" data-element_type=\"widget\" data-widget_type=\"heading.default\">\n\t\t\t\t<div class=\"elementor-widget-container\">\n\t\t\t<h2 class=\"elementor-heading-title elementor-size-default\">Ma mission<\/h2>\t\t<\/div>\n\t\t\t\t<\/div>\n\t\t\t\t<div class=\"elementor-element elementor-element-5dee1431 elementor-widget elementor-widget-heading\" data-id=\"5dee1431\" data-element_type=\"widget\" data-widget_type=\"heading.default\">\n\t\t\t\t<div class=\"elementor-widget-container\">\n\t\t\t<p class=\"elementor-heading-title elementor-size-default\">Comment je peux vous accompagner<\/p>\t\t<\/div>\n\t\t\t\t<\/div>\n\t\t\t\t<div class=\"elementor-element elementor-element-657ed81b elementor-widget elementor-widget-text-editor\" data-id=\"657ed81b\" data-element_type=\"widget\" data-widget_type=\"text-editor.default\">\n\t\t\t\t<div class=\"elementor-widget-container\">\n\t\t\t\t\t\t\t<p>L\u2019accompagnement th\u00e9rapeutique peut vous permettre de mettre du sens sur une certaine r\u00e9p\u00e9tition de vos traumatismes que vous constatez. A travers ce travail th\u00e9rapeutique, nous venons vous permettre de prendre place en tant qu\u2019individu pour pouvoir retrouver une place active sur cet h\u00e9ritage que vous d\u00e9tenez. En prendre conscience va vous permettre de mieux saisir le sens de ce qu\u2019il vous arrive afin de vous en lib\u00e9rer.<\/p>\t\t\t\t\t\t<\/div>\n\t\t\t\t<\/div>\n\t\t\t\t\t<\/div>\n\t\t<\/div>\n\t\t\t\t\t\t\t<\/div>\n\t\t<\/section>\n\t\t\t\t\t\t\t<\/div>\n\t\t","protected":false},"excerpt":{"rendered":"<p>Le transg\u00e9n\u00e9rationnel Qu&rsquo;est-ce que c&rsquo;est ? Le transg\u00e9n\u00e9rationnel repose sur l\u2019id\u00e9e du lien psychique qui existe entre les diff\u00e9rents membres de la famille. L\u2019individu est d\u00e8s sa naissance inscrit dans un groupe, il s\u2019agit du groupe familial. Par cons\u00e9quent la transmission a lieu sous forme de \u00ab\u00a0bagage\u00a0\u00bb qui sera mobilis\u00e9 ou non par celui qui [&hellip;]<\/p>\n","protected":false},"author":1,"featured_media":0,"parent":0,"menu_order":0,"comment_status":"closed","ping_status":"closed","template":"elementor_header_footer","meta":{"_monsterinsights_skip_tracking":false,"_monsterinsights_sitenote_active":false,"_monsterinsights_sitenote_note":"","_monsterinsights_sitenote_category":0,"footnotes":""},"class_list":["post-1169","page","type-page","status-publish","hentry"],"_links":{"self":[{"href":"https:\/\/psychologue-chloehamelin.com\/index.php\/wp-json\/wp\/v2\/pages\/1169","targetHints":{"allow":["GET"]}}],"collection":[{"href":"https:\/\/psychologue-chloehamelin.com\/index.php\/wp-json\/wp\/v2\/pages"}],"about":[{"href":"https:\/\/psychologue-chloehamelin.com\/index.php\/wp-json\/wp\/v2\/types\/page"}],"author":[{"embeddable":true,"href":"https:\/\/psychologue-chloehamelin.com\/index.php\/wp-json\/wp\/v2\/users\/1"}],"replies":[{"embeddable":true,"href":"https:\/\/psychologue-chloehamelin.com\/index.php\/wp-json\/wp\/v2\/comments?post=1169"}],"version-history":[{"count":51,"href":"https:\/\/psychologue-chloehamelin.com\/index.php\/wp-json\/wp\/v2\/pages\/1169\/revisions"}],"predecessor-version":[{"id":1573,"href":"https:\/\/psychologue-chloehamelin.com\/index.php\/wp-json\/wp\/v2\/pages\/1169\/revisions\/1573"}],"wp:attachment":[{"href":"https:\/\/psychologue-chloehamelin.com\/index.php\/wp-json\/wp\/v2\/media?parent=1169"}],"curies":[{"name":"wp","href":"https:\/\/api.w.org\/{rel}","templated":true}]}}