{"id":1502,"date":"2022-10-19T19:11:51","date_gmt":"2022-10-19T17:11:51","guid":{"rendered":"http:\/\/psychologue-chloehamelin.com\/?page_id=1502"},"modified":"2024-04-21T22:02:02","modified_gmt":"2024-04-21T20:02:02","slug":"service-4","status":"publish","type":"page","link":"https:\/\/psychologue-chloehamelin.com\/index.php\/service-4\/","title":{"rendered":"Pourquoi rencontrer un psychologue ?"},"content":{"rendered":"\t\t<div data-elementor-type=\"wp-page\" data-elementor-id=\"1502\" class=\"elementor elementor-1502\">\n\t\t\t\t\t\t\t\t\t<section class=\"elementor-section elementor-top-section elementor-element elementor-element-1b37f171 elementor-reverse-mobile elementor-section-full_width elementor-section-height-default elementor-section-height-default\" data-id=\"1b37f171\" data-element_type=\"section\" data-settings=\"{&quot;background_background&quot;:&quot;classic&quot;}\">\n\t\t\t\t\t\t\t<div class=\"elementor-background-overlay\"><\/div>\n\t\t\t\t\t\t\t<div class=\"elementor-container elementor-column-gap-default\">\n\t\t\t\t\t<div class=\"elementor-column elementor-col-25 elementor-top-column elementor-element elementor-element-44745d1b elementor-hidden-phone\" data-id=\"44745d1b\" data-element_type=\"column\" data-settings=\"{&quot;background_background&quot;:&quot;classic&quot;}\">\n\t\t\t<div class=\"elementor-widget-wrap\">\n\t\t\t\t\t\t\t\t\t<\/div>\n\t\t<\/div>\n\t\t\t\t<div class=\"elementor-column elementor-col-25 elementor-top-column elementor-element elementor-element-1892760c\" data-id=\"1892760c\" data-element_type=\"column\">\n\t\t\t<div class=\"elementor-widget-wrap elementor-element-populated\">\n\t\t\t\t\t\t\t\t<div class=\"elementor-element elementor-element-2143b3d3 elementor-invisible elementor-widget elementor-widget-image\" data-id=\"2143b3d3\" data-element_type=\"widget\" data-settings=\"{&quot;_animation&quot;:&quot;fadeIn&quot;}\" data-widget_type=\"image.default\">\n\t\t\t\t<div class=\"elementor-widget-container\">\n\t\t\t<style>\/*! elementor - v3.7.7 - 20-09-2022 *\/\n.elementor-widget-image{text-align:center}.elementor-widget-image a{display:inline-block}.elementor-widget-image a img[src$=\".svg\"]{width:48px}.elementor-widget-image img{vertical-align:middle;display:inline-block}<\/style>\t\t\t\t\t\t\t\t\t\t\t\t<img loading=\"lazy\" decoding=\"async\" width=\"1080\" height=\"1080\" src=\"https:\/\/psychologue-chloehamelin.com\/wp-content\/uploads\/2024\/04\/Design-sans-titre-8.png\" class=\"attachment-2048x2048 size-2048x2048\" alt=\"\" srcset=\"https:\/\/psychologue-chloehamelin.com\/wp-content\/uploads\/2024\/04\/Design-sans-titre-8.png 1080w, https:\/\/psychologue-chloehamelin.com\/wp-content\/uploads\/2024\/04\/Design-sans-titre-8-300x300.png 300w, https:\/\/psychologue-chloehamelin.com\/wp-content\/uploads\/2024\/04\/Design-sans-titre-8-1024x1024.png 1024w, https:\/\/psychologue-chloehamelin.com\/wp-content\/uploads\/2024\/04\/Design-sans-titre-8-150x150.png 150w, https:\/\/psychologue-chloehamelin.com\/wp-content\/uploads\/2024\/04\/Design-sans-titre-8-768x768.png 768w, https:\/\/psychologue-chloehamelin.com\/wp-content\/uploads\/2024\/04\/Design-sans-titre-8-600x600.png 600w, https:\/\/psychologue-chloehamelin.com\/wp-content\/uploads\/2024\/04\/Design-sans-titre-8-100x100.png 100w\" sizes=\"auto, (max-width: 1080px) 100vw, 1080px\" \/>\t\t\t\t\t\t\t\t\t\t\t\t\t\t\t<\/div>\n\t\t\t\t<\/div>\n\t\t\t\t\t<\/div>\n\t\t<\/div>\n\t\t\t\t<div class=\"elementor-column elementor-col-25 elementor-top-column elementor-element elementor-element-1f22252c\" data-id=\"1f22252c\" data-element_type=\"column\">\n\t\t\t<div class=\"elementor-widget-wrap elementor-element-populated\">\n\t\t\t\t\t\t\t\t<div class=\"elementor-element elementor-element-452598d7 elementor-widget elementor-widget-heading\" data-id=\"452598d7\" data-element_type=\"widget\" data-widget_type=\"heading.default\">\n\t\t\t\t<div class=\"elementor-widget-container\">\n\t\t\t<style>\/*! elementor - v3.7.7 - 20-09-2022 *\/\n.elementor-heading-title{padding:0;margin:0;line-height:1}.elementor-widget-heading .elementor-heading-title[class*=elementor-size-]>a{color:inherit;font-size:inherit;line-height:inherit}.elementor-widget-heading .elementor-heading-title.elementor-size-small{font-size:15px}.elementor-widget-heading .elementor-heading-title.elementor-size-medium{font-size:19px}.elementor-widget-heading .elementor-heading-title.elementor-size-large{font-size:29px}.elementor-widget-heading .elementor-heading-title.elementor-size-xl{font-size:39px}.elementor-widget-heading .elementor-heading-title.elementor-size-xxl{font-size:59px}<\/style><h1 class=\"elementor-heading-title elementor-size-default\">Pourquoi rencontrer un psychologue ?<\/h1>\t\t<\/div>\n\t\t\t\t<\/div>\n\t\t\t\t<div class=\"elementor-element elementor-element-15bb0c6e elementor-widget elementor-widget-text-editor\" data-id=\"15bb0c6e\" data-element_type=\"widget\" data-widget_type=\"text-editor.default\">\n\t\t\t\t<div class=\"elementor-widget-container\">\n\t\t\t<style>\/*! elementor - v3.7.7 - 20-09-2022 *\/\n.elementor-widget-text-editor.elementor-drop-cap-view-stacked .elementor-drop-cap{background-color:#818a91;color:#fff}.elementor-widget-text-editor.elementor-drop-cap-view-framed .elementor-drop-cap{color:#818a91;border:3px solid;background-color:transparent}.elementor-widget-text-editor:not(.elementor-drop-cap-view-default) .elementor-drop-cap{margin-top:8px}.elementor-widget-text-editor:not(.elementor-drop-cap-view-default) .elementor-drop-cap-letter{width:1em;height:1em}.elementor-widget-text-editor .elementor-drop-cap{float:left;text-align:center;line-height:1;font-size:50px}.elementor-widget-text-editor .elementor-drop-cap-letter{display:inline-block}<\/style>\t\t\t\t\t\t\t\t\t\t<\/div>\n\t\t\t\t<\/div>\n\t\t\t\t\t<\/div>\n\t\t<\/div>\n\t\t\t\t<div class=\"elementor-column elementor-col-25 elementor-top-column elementor-element elementor-element-27589095 elementor-hidden-tablet elementor-hidden-phone\" data-id=\"27589095\" data-element_type=\"column\">\n\t\t\t<div class=\"elementor-widget-wrap\">\n\t\t\t\t\t\t\t\t\t<\/div>\n\t\t<\/div>\n\t\t\t\t\t\t\t<\/div>\n\t\t<\/section>\n\t\t\t\t<section class=\"elementor-section elementor-top-section elementor-element elementor-element-6afc0bc5 elementor-reverse-mobile elementor-section-boxed elementor-section-height-default elementor-section-height-default\" data-id=\"6afc0bc5\" data-element_type=\"section\" data-settings=\"{&quot;background_background&quot;:&quot;classic&quot;}\">\n\t\t\t\t\t\t\t<div class=\"elementor-background-overlay\"><\/div>\n\t\t\t\t\t\t\t<div class=\"elementor-container elementor-column-gap-default\">\n\t\t\t\t\t<div class=\"elementor-column elementor-col-50 elementor-top-column elementor-element elementor-element-6c254000\" data-id=\"6c254000\" data-element_type=\"column\">\n\t\t\t<div class=\"elementor-widget-wrap elementor-element-populated\">\n\t\t\t\t\t\t\t\t<div class=\"elementor-element elementor-element-2c4408c6 elementor-widget elementor-widget-heading\" data-id=\"2c4408c6\" data-element_type=\"widget\" data-widget_type=\"heading.default\">\n\t\t\t\t<div class=\"elementor-widget-container\">\n\t\t\t<h2 class=\"elementor-heading-title elementor-size-default\">Le travail du psychologue<\/h2>\t\t<\/div>\n\t\t\t\t<\/div>\n\t\t\t\t<div class=\"elementor-element elementor-element-57f5b474 elementor-widget elementor-widget-text-editor\" data-id=\"57f5b474\" data-element_type=\"widget\" data-widget_type=\"text-editor.default\">\n\t\t\t\t<div class=\"elementor-widget-container\">\n\t\t\t\t\t\t\t<p>Un psychologue est un professionnel qui est l\u00e0 pour vous accorder un espace-temps pour vous, pour vous accompagner dans les \u00e9preuves que vous traversez \u00e0 n\u2019importe quel moment de votre vie.<\/p><p>De plus, c\u2019est un professionnel form\u00e9 et reconnu qui sera l\u00e0 pour r\u00e9fl\u00e9chir avec vous sur ce qui peut \u00e9ventuellement vous poser probl\u00e8me.<\/p><p>Ce professionnel vous accueille et accueille votre r\u00e9cit. C\u2019est \u00e0 dire qu\u2019il vous offre une \u00e9coute attentive et bienveillante \u00e0 votre \u00e9gard. Le psychologue, de par sa posture, peut vous apporter un autre regard sur votre histoire, un regard qui se veut \u00eatre le plus objectif possible pour vous amener de nouvelles pistes de r\u00e9flexion qui pourront, peut-\u00eatre, faire sens pour vous.<\/p><p>Lors des rendez-vous avec un psychologue, ce dernier vous offre un moment rien qu\u2019\u00e0 vous, il s\u2019int\u00e9resse \u00e0 vous, dans votre individualit\u00e9, \u00e0 qui vous \u00eates, \u00e0 votre histoire. Il n\u2019est pas l\u00e0 pour porter un jugement sur vous ou votre vie, bien au contraire.<\/p><p>Un psychologue instaure un climat de confiance et ce, d\u00e8s le premier rendez-vous. Il est important de rappeler que le travail d\u2019un psychologue, c\u2019est un travail relationnel bas\u00e9 sur des \u00e9changes humains. Il est primordial que vous vous sentiez bien avec votre psychologue pour pouvoir \u00e9tablir une relation de confiance.<\/p><p>Bien entendu, un psychologue est tenu au secret professionnel.<\/p>\t\t\t\t\t\t<\/div>\n\t\t\t\t<\/div>\n\t\t\t\t\t<\/div>\n\t\t<\/div>\n\t\t\t\t<div class=\"elementor-column elementor-col-50 elementor-top-column elementor-element elementor-element-63bdeec\" data-id=\"63bdeec\" data-element_type=\"column\">\n\t\t\t<div class=\"elementor-widget-wrap elementor-element-populated\">\n\t\t\t\t\t\t\t\t<div class=\"elementor-element elementor-element-3d1e720d elementor-invisible elementor-widget elementor-widget-image\" data-id=\"3d1e720d\" data-element_type=\"widget\" data-settings=\"{&quot;_animation&quot;:&quot;fadeInUp&quot;}\" data-widget_type=\"image.default\">\n\t\t\t\t<div class=\"elementor-widget-container\">\n\t\t\t\t\t\t\t\t\t\t\t\t\t\t\t<img loading=\"lazy\" decoding=\"async\" width=\"488\" height=\"598\" src=\"https:\/\/psychologue-chloehamelin.com\/wp-content\/uploads\/2022\/10\/psychologue.png\" class=\"attachment-medium_large size-medium_large\" alt=\"\" srcset=\"https:\/\/psychologue-chloehamelin.com\/wp-content\/uploads\/2022\/10\/psychologue.png 488w, https:\/\/psychologue-chloehamelin.com\/wp-content\/uploads\/2022\/10\/psychologue-245x300.png 245w\" sizes=\"auto, (max-width: 488px) 100vw, 488px\" \/>\t\t\t\t\t\t\t\t\t\t\t\t\t\t\t<\/div>\n\t\t\t\t<\/div>\n\t\t\t\t<div class=\"elementor-element elementor-element-4e67ca9e elementor-widget elementor-widget-image\" data-id=\"4e67ca9e\" data-element_type=\"widget\" data-widget_type=\"image.default\">\n\t\t\t\t<div class=\"elementor-widget-container\">\n\t\t\t\t\t\t\t\t\t\t\t\t\t\t\t<img loading=\"lazy\" decoding=\"async\" width=\"450\" height=\"225\" src=\"https:\/\/psychologue-chloehamelin.com\/wp-content\/uploads\/2022\/10\/half-circle.svg\" class=\"attachment-medium_large size-medium_large\" alt=\"\" \/>\t\t\t\t\t\t\t\t\t\t\t\t\t\t\t<\/div>\n\t\t\t\t<\/div>\n\t\t\t\t\t<\/div>\n\t\t<\/div>\n\t\t\t\t\t\t\t<\/div>\n\t\t<\/section>\n\t\t\t\t<section class=\"elementor-section elementor-top-section elementor-element elementor-element-29c6695d elementor-section-boxed elementor-section-height-default elementor-section-height-default\" data-id=\"29c6695d\" data-element_type=\"section\" data-settings=\"{&quot;background_background&quot;:&quot;classic&quot;}\">\n\t\t\t\t\t\t<div class=\"elementor-container elementor-column-gap-default\">\n\t\t\t\t\t<div class=\"elementor-column elementor-col-100 elementor-top-column elementor-element elementor-element-a0b8d91\" data-id=\"a0b8d91\" data-element_type=\"column\">\n\t\t\t<div class=\"elementor-widget-wrap elementor-element-populated\">\n\t\t\t\t\t\t\t\t<div class=\"elementor-element elementor-element-3ee7cd5a elementor-widget elementor-widget-heading\" data-id=\"3ee7cd5a\" data-element_type=\"widget\" data-widget_type=\"heading.default\">\n\t\t\t\t<div class=\"elementor-widget-container\">\n\t\t\t<p class=\"elementor-heading-title elementor-size-default\">Comment savoir si c'est le bon moment pour consulter un psychologue ? <\/p>\t\t<\/div>\n\t\t\t\t<\/div>\n\t\t\t\t\t<\/div>\n\t\t<\/div>\n\t\t\t\t\t\t\t<\/div>\n\t\t<\/section>\n\t\t\t\t<section class=\"elementor-section elementor-top-section elementor-element elementor-element-5cb8c30c elementor-section-boxed elementor-section-height-default elementor-section-height-default\" data-id=\"5cb8c30c\" data-element_type=\"section\" data-settings=\"{&quot;background_background&quot;:&quot;classic&quot;}\">\n\t\t\t\t\t\t\t<div class=\"elementor-background-overlay\"><\/div>\n\t\t\t\t\t\t\t<div class=\"elementor-container elementor-column-gap-default\">\n\t\t\t\t\t<div class=\"elementor-column elementor-col-50 elementor-top-column elementor-element elementor-element-562362d0\" data-id=\"562362d0\" data-element_type=\"column\">\n\t\t\t<div class=\"elementor-widget-wrap elementor-element-populated\">\n\t\t\t\t\t\t\t\t<div class=\"elementor-element elementor-element-767307d4 elementor-invisible elementor-widget elementor-widget-image\" data-id=\"767307d4\" data-element_type=\"widget\" data-settings=\"{&quot;_animation&quot;:&quot;fadeInUp&quot;}\" data-widget_type=\"image.default\">\n\t\t\t\t<div class=\"elementor-widget-container\">\n\t\t\t\t\t\t\t\t\t\t\t\t\t\t\t<img loading=\"lazy\" decoding=\"async\" width=\"488\" height=\"598\" src=\"https:\/\/psychologue-chloehamelin.com\/wp-content\/uploads\/2022\/10\/psychologue-5.png\" class=\"attachment-medium_large size-medium_large\" alt=\"\" srcset=\"https:\/\/psychologue-chloehamelin.com\/wp-content\/uploads\/2022\/10\/psychologue-5.png 488w, https:\/\/psychologue-chloehamelin.com\/wp-content\/uploads\/2022\/10\/psychologue-5-245x300.png 245w\" sizes=\"auto, (max-width: 488px) 100vw, 488px\" \/>\t\t\t\t\t\t\t\t\t\t\t\t\t\t\t<\/div>\n\t\t\t\t<\/div>\n\t\t\t\t<div class=\"elementor-element elementor-element-c265c68 elementor-widget elementor-widget-image\" data-id=\"c265c68\" data-element_type=\"widget\" data-widget_type=\"image.default\">\n\t\t\t\t<div class=\"elementor-widget-container\">\n\t\t\t\t\t\t\t\t\t\t\t\t\t\t\t<img loading=\"lazy\" decoding=\"async\" width=\"450\" height=\"225\" src=\"https:\/\/psychologue-chloehamelin.com\/wp-content\/uploads\/2022\/10\/half-circle.svg\" class=\"attachment-medium_large size-medium_large\" alt=\"\" \/>\t\t\t\t\t\t\t\t\t\t\t\t\t\t\t<\/div>\n\t\t\t\t<\/div>\n\t\t\t\t\t<\/div>\n\t\t<\/div>\n\t\t\t\t<div class=\"elementor-column elementor-col-50 elementor-top-column elementor-element elementor-element-785a72d8\" data-id=\"785a72d8\" data-element_type=\"column\">\n\t\t\t<div class=\"elementor-widget-wrap elementor-element-populated\">\n\t\t\t\t\t\t\t\t<div class=\"elementor-element elementor-element-7d94ea7a elementor-widget elementor-widget-heading\" data-id=\"7d94ea7a\" data-element_type=\"widget\" data-widget_type=\"heading.default\">\n\t\t\t\t<div class=\"elementor-widget-container\">\n\t\t\t<h2 class=\"elementor-heading-title elementor-size-default\">Pour un adulte :<\/h2>\t\t<\/div>\n\t\t\t\t<\/div>\n\t\t\t\t<div class=\"elementor-element elementor-element-1a801893 elementor-widget elementor-widget-text-editor\" data-id=\"1a801893\" data-element_type=\"widget\" data-widget_type=\"text-editor.default\">\n\t\t\t\t<div class=\"elementor-widget-container\">\n\t\t\t\t\t\t\t<ul><li>Ces derniers temps vous passez par des \u00e9preuves compliqu\u00e9es qui vous am\u00e8nent \u00e0 ne plus vous reconna\u00eetre, \u00e0 vous sentir perdue, en qu\u00eate de sens et de r\u00e9ponse sur ce qu\u2019il se passe en vous.<\/li><\/ul><p>\u00a0<\/p><ul><li>Vous souhaitez mieux vous comprendre et mieux comprendre vos comportements et r\u00e9actions car cela fait un moment que vous vous questionnez mais que vous ne parvenez pas \u00e0 saisir ce qu\u2019il se joue pour vous.<\/li><\/ul><p>\u00a0<\/p><ul><li>Vous venez de vivre un \u00e9v\u00e8nement, ce dernier vous a boulevers\u00e9 et des questions existentielles sont venues faire irruption dans votre vie.<\/li><\/ul><p>\u00a0<\/p><ul><li>Cela fait trop de temps que vous gardez pour vous ce que vous ressentez et vous avez envie d\u2019avoir un espace \u00e0 un vous, pour vous sentir en s\u00e9curit\u00e9, pour \u00eatre libre de vous exprimer sans craindre le jugement dans le regard de la personne qui vous \u00e9coute.<\/li><\/ul><p>\u00a0<\/p><ul><li>Vous rencontrez des difficult\u00e9s dans vos relations, vous vous sentez incompris ou vous ne parvenez pas \u00e0 comprendre votre entourage.<\/li><\/ul><p>\u00a0<\/p><ul><li>Au quotidien, vous vous sentez en ins\u00e9curit\u00e9, stress\u00e9, anxieux avec le sentiment qu\u2019il vous faut tout contr\u00f4ler mais que tout vous d\u00e9passe. Il peut \u00eatre temps pour vous de venir d\u00e9poser ce qui vous p\u00e8se depuis trop longtemps.<\/li><\/ul>\t\t\t\t\t\t<\/div>\n\t\t\t\t<\/div>\n\t\t\t\t\t<\/div>\n\t\t<\/div>\n\t\t\t\t\t\t\t<\/div>\n\t\t<\/section>\n\t\t\t\t<section class=\"elementor-section elementor-top-section elementor-element elementor-element-16050184 elementor-reverse-mobile elementor-section-boxed elementor-section-height-default elementor-section-height-default\" data-id=\"16050184\" data-element_type=\"section\" data-settings=\"{&quot;background_background&quot;:&quot;classic&quot;}\">\n\t\t\t\t\t\t\t<div class=\"elementor-background-overlay\"><\/div>\n\t\t\t\t\t\t\t<div class=\"elementor-container elementor-column-gap-default\">\n\t\t\t\t\t<div class=\"elementor-column elementor-col-50 elementor-top-column elementor-element elementor-element-119fc849\" data-id=\"119fc849\" data-element_type=\"column\">\n\t\t\t<div class=\"elementor-widget-wrap elementor-element-populated\">\n\t\t\t\t\t\t\t\t<div class=\"elementor-element elementor-element-5bc150e1 elementor-widget elementor-widget-heading\" data-id=\"5bc150e1\" data-element_type=\"widget\" data-widget_type=\"heading.default\">\n\t\t\t\t<div class=\"elementor-widget-container\">\n\t\t\t<h2 class=\"elementor-heading-title elementor-size-default\">Pour un enfant :<\/h2>\t\t<\/div>\n\t\t\t\t<\/div>\n\t\t\t\t<div class=\"elementor-element elementor-element-31e31277 elementor-widget elementor-widget-text-editor\" data-id=\"31e31277\" data-element_type=\"widget\" data-widget_type=\"text-editor.default\">\n\t\t\t\t<div class=\"elementor-widget-container\">\n\t\t\t\t\t\t\t<ul>\n<li>Vous \u00eates inquiets pour votre enfant, vous sentez qu\u2019il est peut-\u00eatre temps d\u2019\u00eatre aiguill\u00e9 par un professionnel pour mieux comprendre ce qu\u2019il se joue pour lui.<\/li>\n<\/ul>\n<div>&nbsp;<\/div>\n<ul>\n<li>Votre enfant a v\u00e9cu un \u00e9v\u00e8nement compliqu\u00e9 ces derniers temps, la s\u00e9paration de ses parents, une situation de harc\u00e8lement, la perte d\u2019un proche etc.<\/li>\n<\/ul>\n<div>&nbsp;<\/div>\n<ul>\n<li>Votre enfant a du mal \u00e0 trouver sa place que ce soit \u00e0 la maison ou \u00e0 l\u2019\u00e9cole, son comportement vous interroge, vous souhaitez mieux comprendre la raison de ses r\u00e9actions.<\/li>\n<\/ul>\t\t\t\t\t\t<\/div>\n\t\t\t\t<\/div>\n\t\t\t\t\t<\/div>\n\t\t<\/div>\n\t\t\t\t<div class=\"elementor-column elementor-col-50 elementor-top-column elementor-element elementor-element-28d9e7b5\" data-id=\"28d9e7b5\" data-element_type=\"column\">\n\t\t\t<div class=\"elementor-widget-wrap elementor-element-populated\">\n\t\t\t\t\t\t\t\t<div class=\"elementor-element elementor-element-44f88b4d elementor-invisible elementor-widget elementor-widget-image\" data-id=\"44f88b4d\" data-element_type=\"widget\" data-settings=\"{&quot;_animation&quot;:&quot;fadeInUp&quot;}\" data-widget_type=\"image.default\">\n\t\t\t\t<div class=\"elementor-widget-container\">\n\t\t\t\t\t\t\t\t\t\t\t\t\t\t\t<img loading=\"lazy\" decoding=\"async\" width=\"488\" height=\"598\" src=\"https:\/\/psychologue-chloehamelin.com\/wp-content\/uploads\/2022\/10\/psychologue-6.png\" class=\"attachment-medium_large size-medium_large\" alt=\"\" srcset=\"https:\/\/psychologue-chloehamelin.com\/wp-content\/uploads\/2022\/10\/psychologue-6.png 488w, https:\/\/psychologue-chloehamelin.com\/wp-content\/uploads\/2022\/10\/psychologue-6-245x300.png 245w\" sizes=\"auto, (max-width: 488px) 100vw, 488px\" \/>\t\t\t\t\t\t\t\t\t\t\t\t\t\t\t<\/div>\n\t\t\t\t<\/div>\n\t\t\t\t<div class=\"elementor-element elementor-element-3e8510f elementor-widget elementor-widget-image\" data-id=\"3e8510f\" data-element_type=\"widget\" data-widget_type=\"image.default\">\n\t\t\t\t<div class=\"elementor-widget-container\">\n\t\t\t\t\t\t\t\t\t\t\t\t\t\t\t<img loading=\"lazy\" decoding=\"async\" width=\"450\" height=\"225\" src=\"https:\/\/psychologue-chloehamelin.com\/wp-content\/uploads\/2022\/10\/half-circle.svg\" class=\"attachment-medium_large size-medium_large\" alt=\"\" \/>\t\t\t\t\t\t\t\t\t\t\t\t\t\t\t<\/div>\n\t\t\t\t<\/div>\n\t\t\t\t\t<\/div>\n\t\t<\/div>\n\t\t\t\t\t\t\t<\/div>\n\t\t<\/section>\n\t\t\t\t\t\t\t<\/div>\n\t\t","protected":false},"excerpt":{"rendered":"<p>Pourquoi rencontrer un psychologue ? Le travail du psychologue Un psychologue est un professionnel qui est l\u00e0 pour vous accorder un espace-temps pour vous, pour vous accompagner dans les \u00e9preuves que vous traversez \u00e0 n\u2019importe quel moment de votre vie. De plus, c\u2019est un professionnel form\u00e9 et reconnu qui sera l\u00e0 pour r\u00e9fl\u00e9chir avec vous [&hellip;]<\/p>\n","protected":false},"author":1,"featured_media":0,"parent":0,"menu_order":0,"comment_status":"closed","ping_status":"closed","template":"elementor_header_footer","meta":{"_monsterinsights_skip_tracking":false,"_monsterinsights_sitenote_active":false,"_monsterinsights_sitenote_note":"","_monsterinsights_sitenote_category":0,"footnotes":""},"class_list":["post-1502","page","type-page","status-publish","hentry"],"_links":{"self":[{"href":"https:\/\/psychologue-chloehamelin.com\/index.php\/wp-json\/wp\/v2\/pages\/1502","targetHints":{"allow":["GET"]}}],"collection":[{"href":"https:\/\/psychologue-chloehamelin.com\/index.php\/wp-json\/wp\/v2\/pages"}],"about":[{"href":"https:\/\/psychologue-chloehamelin.com\/index.php\/wp-json\/wp\/v2\/types\/page"}],"author":[{"embeddable":true,"href":"https:\/\/psychologue-chloehamelin.com\/index.php\/wp-json\/wp\/v2\/users\/1"}],"replies":[{"embeddable":true,"href":"https:\/\/psychologue-chloehamelin.com\/index.php\/wp-json\/wp\/v2\/comments?post=1502"}],"version-history":[{"count":62,"href":"https:\/\/psychologue-chloehamelin.com\/index.php\/wp-json\/wp\/v2\/pages\/1502\/revisions"}],"predecessor-version":[{"id":2098,"href":"https:\/\/psychologue-chloehamelin.com\/index.php\/wp-json\/wp\/v2\/pages\/1502\/revisions\/2098"}],"wp:attachment":[{"href":"https:\/\/psychologue-chloehamelin.com\/index.php\/wp-json\/wp\/v2\/media?parent=1502"}],"curies":[{"name":"wp","href":"https:\/\/api.w.org\/{rel}","templated":true}]}}