{"id":1625,"date":"2022-10-21T14:02:33","date_gmt":"2022-10-21T12:02:33","guid":{"rendered":"http:\/\/psychologue-chloehamelin.com\/?page_id=1625"},"modified":"2022-11-02T16:29:32","modified_gmt":"2022-11-02T14:29:32","slug":"page-404-2","status":"publish","type":"page","link":"https:\/\/psychologue-chloehamelin.com\/index.php\/page-404-2\/","title":{"rendered":"FAQ"},"content":{"rendered":"\t\t<div data-elementor-type=\"wp-page\" data-elementor-id=\"1625\" class=\"elementor elementor-1625\">\n\t\t\t\t\t\t\t\t\t<section class=\"elementor-section elementor-top-section elementor-element elementor-element-26650f19 elementor-reverse-mobile elementor-section-full_width elementor-section-height-default elementor-section-height-default\" data-id=\"26650f19\" data-element_type=\"section\" data-settings=\"{&quot;background_background&quot;:&quot;classic&quot;}\">\n\t\t\t\t\t\t\t<div class=\"elementor-background-overlay\"><\/div>\n\t\t\t\t\t\t\t<div class=\"elementor-container elementor-column-gap-default\">\n\t\t\t\t\t<div class=\"elementor-column elementor-col-25 elementor-top-column elementor-element elementor-element-13393fe8 elementor-hidden-phone\" data-id=\"13393fe8\" data-element_type=\"column\" data-settings=\"{&quot;background_background&quot;:&quot;classic&quot;}\">\n\t\t\t<div class=\"elementor-widget-wrap\">\n\t\t\t\t\t\t\t\t\t<\/div>\n\t\t<\/div>\n\t\t\t\t<div class=\"elementor-column elementor-col-25 elementor-top-column elementor-element elementor-element-723f5d0b\" data-id=\"723f5d0b\" data-element_type=\"column\">\n\t\t\t<div class=\"elementor-widget-wrap elementor-element-populated\">\n\t\t\t\t\t\t\t\t<div class=\"elementor-element elementor-element-312e8e92 elementor-invisible elementor-widget elementor-widget-image\" data-id=\"312e8e92\" data-element_type=\"widget\" data-settings=\"{&quot;_animation&quot;:&quot;fadeIn&quot;}\" data-widget_type=\"image.default\">\n\t\t\t\t<div class=\"elementor-widget-container\">\n\t\t\t<style>\/*! elementor - v3.7.7 - 20-09-2022 *\/\n.elementor-widget-image{text-align:center}.elementor-widget-image a{display:inline-block}.elementor-widget-image a img[src$=\".svg\"]{width:48px}.elementor-widget-image img{vertical-align:middle;display:inline-block}<\/style>\t\t\t\t\t\t\t\t\t\t\t\t<img loading=\"lazy\" decoding=\"async\" width=\"768\" height=\"768\" src=\"https:\/\/psychologue-chloehamelin.com\/wp-content\/uploads\/2022\/10\/re\u0301flexion-768x768.png\" class=\"attachment-medium_large size-medium_large\" alt=\"\" srcset=\"https:\/\/psychologue-chloehamelin.com\/wp-content\/uploads\/2022\/10\/re\u0301flexion-768x768.png 768w, https:\/\/psychologue-chloehamelin.com\/wp-content\/uploads\/2022\/10\/re\u0301flexion-300x300.png 300w, https:\/\/psychologue-chloehamelin.com\/wp-content\/uploads\/2022\/10\/re\u0301flexion-1024x1024.png 1024w, https:\/\/psychologue-chloehamelin.com\/wp-content\/uploads\/2022\/10\/re\u0301flexion-150x150.png 150w, https:\/\/psychologue-chloehamelin.com\/wp-content\/uploads\/2022\/10\/re\u0301flexion-600x600.png 600w, https:\/\/psychologue-chloehamelin.com\/wp-content\/uploads\/2022\/10\/re\u0301flexion-100x100.png 100w, https:\/\/psychologue-chloehamelin.com\/wp-content\/uploads\/2022\/10\/re\u0301flexion.png 1080w\" sizes=\"auto, (max-width: 768px) 100vw, 768px\" \/>\t\t\t\t\t\t\t\t\t\t\t\t\t\t\t<\/div>\n\t\t\t\t<\/div>\n\t\t\t\t\t<\/div>\n\t\t<\/div>\n\t\t\t\t<div class=\"elementor-column elementor-col-25 elementor-top-column elementor-element elementor-element-19927231\" data-id=\"19927231\" data-element_type=\"column\">\n\t\t\t<div class=\"elementor-widget-wrap elementor-element-populated\">\n\t\t\t\t\t\t\t\t<div class=\"elementor-element elementor-element-613d9d4b elementor-widget elementor-widget-heading\" data-id=\"613d9d4b\" data-element_type=\"widget\" data-widget_type=\"heading.default\">\n\t\t\t\t<div class=\"elementor-widget-container\">\n\t\t\t<style>\/*! elementor - v3.7.7 - 20-09-2022 *\/\n.elementor-heading-title{padding:0;margin:0;line-height:1}.elementor-widget-heading .elementor-heading-title[class*=elementor-size-]>a{color:inherit;font-size:inherit;line-height:inherit}.elementor-widget-heading .elementor-heading-title.elementor-size-small{font-size:15px}.elementor-widget-heading .elementor-heading-title.elementor-size-medium{font-size:19px}.elementor-widget-heading .elementor-heading-title.elementor-size-large{font-size:29px}.elementor-widget-heading .elementor-heading-title.elementor-size-xl{font-size:39px}.elementor-widget-heading .elementor-heading-title.elementor-size-xxl{font-size:59px}<\/style><h1 class=\"elementor-heading-title elementor-size-default\">F.A.Q<\/h1>\t\t<\/div>\n\t\t\t\t<\/div>\n\t\t\t\t<div class=\"elementor-element elementor-element-7add259 elementor-widget elementor-widget-text-editor\" data-id=\"7add259\" data-element_type=\"widget\" data-widget_type=\"text-editor.default\">\n\t\t\t\t<div class=\"elementor-widget-container\">\n\t\t\t<style>\/*! elementor - v3.7.7 - 20-09-2022 *\/\n.elementor-widget-text-editor.elementor-drop-cap-view-stacked .elementor-drop-cap{background-color:#818a91;color:#fff}.elementor-widget-text-editor.elementor-drop-cap-view-framed .elementor-drop-cap{color:#818a91;border:3px solid;background-color:transparent}.elementor-widget-text-editor:not(.elementor-drop-cap-view-default) .elementor-drop-cap{margin-top:8px}.elementor-widget-text-editor:not(.elementor-drop-cap-view-default) .elementor-drop-cap-letter{width:1em;height:1em}.elementor-widget-text-editor .elementor-drop-cap{float:left;text-align:center;line-height:1;font-size:50px}.elementor-widget-text-editor .elementor-drop-cap-letter{display:inline-block}<\/style>\t\t\t\t\t\t\t\t\t\t<\/div>\n\t\t\t\t<\/div>\n\t\t\t\t\t<\/div>\n\t\t<\/div>\n\t\t\t\t<div class=\"elementor-column elementor-col-25 elementor-top-column elementor-element elementor-element-5adbd33e elementor-hidden-tablet elementor-hidden-phone\" data-id=\"5adbd33e\" data-element_type=\"column\">\n\t\t\t<div class=\"elementor-widget-wrap\">\n\t\t\t\t\t\t\t\t\t<\/div>\n\t\t<\/div>\n\t\t\t\t\t\t\t<\/div>\n\t\t<\/section>\n\t\t\t\t<section class=\"elementor-section elementor-top-section elementor-element elementor-element-191fda7a elementor-section-boxed elementor-section-height-default elementor-section-height-default\" data-id=\"191fda7a\" data-element_type=\"section\" data-settings=\"{&quot;background_background&quot;:&quot;classic&quot;}\">\n\t\t\t\t\t\t\t<div class=\"elementor-background-overlay\"><\/div>\n\t\t\t\t\t\t\t<div class=\"elementor-container elementor-column-gap-default\">\n\t\t\t\t\t<div class=\"elementor-column elementor-col-100 elementor-top-column elementor-element elementor-element-68dd64fb\" data-id=\"68dd64fb\" data-element_type=\"column\">\n\t\t\t<div class=\"elementor-widget-wrap elementor-element-populated\">\n\t\t\t\t\t\t\t\t<div class=\"elementor-element elementor-element-3abff32d elementor-widget elementor-widget-accordion\" data-id=\"3abff32d\" data-element_type=\"widget\" data-widget_type=\"accordion.default\">\n\t\t\t\t<div class=\"elementor-widget-container\">\n\t\t\t<style>\/*! elementor - v3.7.7 - 20-09-2022 *\/\n.elementor-accordion{text-align:left}.elementor-accordion .elementor-accordion-item{border:1px solid #d4d4d4}.elementor-accordion .elementor-accordion-item+.elementor-accordion-item{border-top:none}.elementor-accordion .elementor-tab-title{margin:0;padding:15px 20px;font-weight:700;line-height:1;cursor:pointer;outline:none}.elementor-accordion .elementor-tab-title .elementor-accordion-icon{display:inline-block;width:1.5em}.elementor-accordion .elementor-tab-title .elementor-accordion-icon svg{width:1em;height:1em}.elementor-accordion .elementor-tab-title .elementor-accordion-icon.elementor-accordion-icon-right{float:right;text-align:right}.elementor-accordion .elementor-tab-title .elementor-accordion-icon.elementor-accordion-icon-left{float:left;text-align:left}.elementor-accordion .elementor-tab-title .elementor-accordion-icon .elementor-accordion-icon-closed{display:block}.elementor-accordion .elementor-tab-title .elementor-accordion-icon .elementor-accordion-icon-opened,.elementor-accordion .elementor-tab-title.elementor-active .elementor-accordion-icon-closed{display:none}.elementor-accordion .elementor-tab-title.elementor-active .elementor-accordion-icon-opened{display:block}.elementor-accordion .elementor-tab-content{display:none;padding:15px 20px;border-top:1px solid #d4d4d4}@media (max-width:767px){.elementor-accordion .elementor-tab-title{padding:12px 15px}.elementor-accordion .elementor-tab-title .elementor-accordion-icon{width:1.2em}.elementor-accordion .elementor-tab-content{padding:7px 15px}}.e-container>.elementor-widget-accordion{width:var(--container-widget-width,100%)}<\/style>\t\t<div class=\"elementor-accordion\" role=\"tablist\">\n\t\t\t\t\t\t\t<div class=\"elementor-accordion-item\">\n\t\t\t\t\t<div id=\"elementor-tab-title-9851\" class=\"elementor-tab-title\" data-tab=\"1\" role=\"tab\" aria-controls=\"elementor-tab-content-9851\" aria-expanded=\"false\">\n\t\t\t\t\t\t\t\t\t\t\t\t\t<span class=\"elementor-accordion-icon elementor-accordion-icon-left\" aria-hidden=\"true\">\n\t\t\t\t\t\t\t\t\t\t\t\t\t\t\t<span class=\"elementor-accordion-icon-closed\"><i class=\"fas fa-caret-down\"><\/i><\/span>\n\t\t\t\t\t\t\t\t<span class=\"elementor-accordion-icon-opened\"><i class=\"fas fa-caret-up\"><\/i><\/span>\n\t\t\t\t\t\t\t\t\t\t\t\t\t\t<\/span>\n\t\t\t\t\t\t\t\t\t\t\t\t<a class=\"elementor-accordion-title\" href=\"\">Quelle est la fr\u00e9quence des s\u00e9ances ?<\/a>\n\t\t\t\t\t<\/div>\n\t\t\t\t\t<div id=\"elementor-tab-content-9851\" class=\"elementor-tab-content elementor-clearfix\" data-tab=\"1\" role=\"tabpanel\" aria-labelledby=\"elementor-tab-title-9851\"><p>La fr\u00e9quence des s\u00e9ances d\u00e9pend de votre probl\u00e9matique, de la p\u00e9riode dans laquelle vous vous trouvez et d&rsquo;autres param\u00e8tres \u00e9galement.<\/p><p>Ce que je vous propose c&rsquo;est d&rsquo;en discuter lors de la premi\u00e8re s\u00e9ance o\u00f9 je pourrais avoir assez d&rsquo;\u00e9l\u00e9ments pour vous faire une estimation et vous pourrez \u00e9galement me dire si cela vous convient.\u00a0<\/p><\/div>\n\t\t\t\t<\/div>\n\t\t\t\t\t\t\t<div class=\"elementor-accordion-item\">\n\t\t\t\t\t<div id=\"elementor-tab-title-9852\" class=\"elementor-tab-title\" data-tab=\"2\" role=\"tab\" aria-controls=\"elementor-tab-content-9852\" aria-expanded=\"false\">\n\t\t\t\t\t\t\t\t\t\t\t\t\t<span class=\"elementor-accordion-icon elementor-accordion-icon-left\" aria-hidden=\"true\">\n\t\t\t\t\t\t\t\t\t\t\t\t\t\t\t<span class=\"elementor-accordion-icon-closed\"><i class=\"fas fa-caret-down\"><\/i><\/span>\n\t\t\t\t\t\t\t\t<span class=\"elementor-accordion-icon-opened\"><i class=\"fas fa-caret-up\"><\/i><\/span>\n\t\t\t\t\t\t\t\t\t\t\t\t\t\t<\/span>\n\t\t\t\t\t\t\t\t\t\t\t\t<a class=\"elementor-accordion-title\" href=\"\">Les consultations sont-elles prises en charge par la S\u00e9curit\u00e9 Sociale ?<\/a>\n\t\t\t\t\t<\/div>\n\t\t\t\t\t<div id=\"elementor-tab-content-9852\" class=\"elementor-tab-content elementor-clearfix\" data-tab=\"2\" role=\"tabpanel\" aria-labelledby=\"elementor-tab-title-9852\"><p>Les consultations chez un psychologue en activit\u00e9 lib\u00e9ral ne sont pas rembours\u00e9es par la S\u00e9curit\u00e9 Sociale.\u00a0<\/p><p>Cependant, certaines mutuelles assurent une prise en charge partielle ou totale des consultations psychologiques.\u00a0<\/p><p>Je vous invite \u00e0 prendre contact avec votre mutuelle pour avoir plus d&rsquo;informations \u00e0 ce sujet.<\/p><\/div>\n\t\t\t\t<\/div>\n\t\t\t\t\t\t\t<div class=\"elementor-accordion-item\">\n\t\t\t\t\t<div id=\"elementor-tab-title-9853\" class=\"elementor-tab-title\" data-tab=\"3\" role=\"tab\" aria-controls=\"elementor-tab-content-9853\" aria-expanded=\"false\">\n\t\t\t\t\t\t\t\t\t\t\t\t\t<span class=\"elementor-accordion-icon elementor-accordion-icon-left\" aria-hidden=\"true\">\n\t\t\t\t\t\t\t\t\t\t\t\t\t\t\t<span class=\"elementor-accordion-icon-closed\"><i class=\"fas fa-caret-down\"><\/i><\/span>\n\t\t\t\t\t\t\t\t<span class=\"elementor-accordion-icon-opened\"><i class=\"fas fa-caret-up\"><\/i><\/span>\n\t\t\t\t\t\t\t\t\t\t\t\t\t\t<\/span>\n\t\t\t\t\t\t\t\t\t\t\t\t<a class=\"elementor-accordion-title\" href=\"\">Que se passe t-il en cas d'annulation ?<\/a>\n\t\t\t\t\t<\/div>\n\t\t\t\t\t<div id=\"elementor-tab-content-9853\" class=\"elementor-tab-content elementor-clearfix\" data-tab=\"3\" role=\"tabpanel\" aria-labelledby=\"elementor-tab-title-9853\"><p>Si vous ne pouvez pas venir \u00e0 un rendez-vous et que vous souhaitez l&rsquo;annuler ou le reporter. Il est important que vous puissiez me pr\u00e9venir afin que je puisse proposer ce cr\u00e9neau \u00e0 une autre personne qui en a besoin.\u00a0<\/p><p>Le mieux est de me pr\u00e9venir 48h \u00e0 l&rsquo;avance afin que je puisse avoir le temps de proposer ce cr\u00e9neau \u00e0 quelqu&rsquo;un d&rsquo;autre.<\/p><p>Merci de votre compr\u00e9hension.<\/p><\/div>\n\t\t\t\t<\/div>\n\t\t\t\t\t\t\t\t\t\t<script type=\"application\/ld+json\">{\"@context\":\"https:\\\/\\\/schema.org\",\"@type\":\"FAQPage\",\"mainEntity\":[{\"@type\":\"Question\",\"name\":\"Quelle est la fr\\u00e9quence des s\\u00e9ances ?\",\"acceptedAnswer\":{\"@type\":\"Answer\",\"text\":\"<p>La fr\\u00e9quence des s\\u00e9ances d\\u00e9pend de votre probl\\u00e9matique, de la p\\u00e9riode dans laquelle vous vous trouvez et d&rsquo;autres param\\u00e8tres \\u00e9galement.<\\\/p><p>Ce que je vous propose c&rsquo;est d&rsquo;en discuter lors de la premi\\u00e8re s\\u00e9ance o\\u00f9 je pourrais avoir assez d&rsquo;\\u00e9l\\u00e9ments pour vous faire une estimation et vous pourrez \\u00e9galement me dire si cela vous convient.\\u00a0<\\\/p>\"}},{\"@type\":\"Question\",\"name\":\"Les consultations sont-elles prises en charge par la S\\u00e9curit\\u00e9 Sociale ?\",\"acceptedAnswer\":{\"@type\":\"Answer\",\"text\":\"<p>Les consultations chez un psychologue en activit\\u00e9 lib\\u00e9ral ne sont pas rembours\\u00e9es par la S\\u00e9curit\\u00e9 Sociale.\\u00a0<\\\/p><p>Cependant, certaines mutuelles assurent une prise en charge partielle ou totale des consultations psychologiques.\\u00a0<\\\/p><p>Je vous invite \\u00e0 prendre contact avec votre mutuelle pour avoir plus d&rsquo;informations \\u00e0 ce sujet.<\\\/p>\"}},{\"@type\":\"Question\",\"name\":\"Que se passe t-il en cas d'annulation ?\",\"acceptedAnswer\":{\"@type\":\"Answer\",\"text\":\"<p>Si vous ne pouvez pas venir \\u00e0 un rendez-vous et que vous souhaitez l&rsquo;annuler ou le reporter. Il est important que vous puissiez me pr\\u00e9venir afin que je puisse proposer ce cr\\u00e9neau \\u00e0 une autre personne qui en a besoin.\\u00a0<\\\/p><p>Le mieux est de me pr\\u00e9venir 48h \\u00e0 l&rsquo;avance afin que je puisse avoir le temps de proposer ce cr\\u00e9neau \\u00e0 quelqu&rsquo;un d&rsquo;autre.<\\\/p><p>Merci de votre compr\\u00e9hension.<\\\/p>\"}}]}<\/script>\n\t\t\t\t\t<\/div>\n\t\t\t\t<\/div>\n\t\t\t\t<\/div>\n\t\t\t\t<div class=\"elementor-element elementor-element-1ad83cbb elementor-widget elementor-widget-heading\" data-id=\"1ad83cbb\" data-element_type=\"widget\" data-widget_type=\"heading.default\">\n\t\t\t\t<div class=\"elementor-widget-container\">\n\t\t\t<p class=\"elementor-heading-title elementor-size-default\">D'autres questions ?<\/p>\t\t<\/div>\n\t\t\t\t<\/div>\n\t\t\t\t<div class=\"elementor-element elementor-element-74370f52 elementor-align-center elementor-widget elementor-widget-button\" data-id=\"74370f52\" data-element_type=\"widget\" data-widget_type=\"button.default\">\n\t\t\t\t<div class=\"elementor-widget-container\">\n\t\t\t\t\t<div class=\"elementor-button-wrapper\">\n\t\t\t<a href=\"#\" class=\"elementor-button-link elementor-button elementor-size-sm\" role=\"button\">\n\t\t\t\t\t\t<span class=\"elementor-button-content-wrapper\">\n\t\t\t\t\t\t<span class=\"elementor-button-text\">Contacte-moi<\/span>\n\t\t<\/span>\n\t\t\t\t\t<\/a>\n\t\t<\/div>\n\t\t\t\t<\/div>\n\t\t\t\t<\/div>\n\t\t\t\t\t<\/div>\n\t\t<\/div>\n\t\t\t\t\t\t\t<\/div>\n\t\t<\/section>\n\t\t\t\t\t\t\t<\/div>\n\t\t","protected":false},"excerpt":{"rendered":"<p>F.A.Q Quelle est la fr\u00e9quence des s\u00e9ances ? La fr\u00e9quence des s\u00e9ances d\u00e9pend de votre probl\u00e9matique, de la p\u00e9riode dans laquelle vous vous trouvez et d&rsquo;autres param\u00e8tres \u00e9galement. Ce que je vous propose c&rsquo;est d&rsquo;en discuter lors de la premi\u00e8re s\u00e9ance o\u00f9 je pourrais avoir assez d&rsquo;\u00e9l\u00e9ments pour vous faire une estimation et vous pourrez [&hellip;]<\/p>\n","protected":false},"author":1,"featured_media":0,"parent":0,"menu_order":0,"comment_status":"closed","ping_status":"closed","template":"elementor_header_footer","meta":{"_monsterinsights_skip_tracking":false,"_monsterinsights_sitenote_active":false,"_monsterinsights_sitenote_note":"","_monsterinsights_sitenote_category":0,"footnotes":""},"class_list":["post-1625","page","type-page","status-publish","hentry"],"_links":{"self":[{"href":"https:\/\/psychologue-chloehamelin.com\/index.php\/wp-json\/wp\/v2\/pages\/1625","targetHints":{"allow":["GET"]}}],"collection":[{"href":"https:\/\/psychologue-chloehamelin.com\/index.php\/wp-json\/wp\/v2\/pages"}],"about":[{"href":"https:\/\/psychologue-chloehamelin.com\/index.php\/wp-json\/wp\/v2\/types\/page"}],"author":[{"embeddable":true,"href":"https:\/\/psychologue-chloehamelin.com\/index.php\/wp-json\/wp\/v2\/users\/1"}],"replies":[{"embeddable":true,"href":"https:\/\/psychologue-chloehamelin.com\/index.php\/wp-json\/wp\/v2\/comments?post=1625"}],"version-history":[{"count":25,"href":"https:\/\/psychologue-chloehamelin.com\/index.php\/wp-json\/wp\/v2\/pages\/1625\/revisions"}],"predecessor-version":[{"id":1869,"href":"https:\/\/psychologue-chloehamelin.com\/index.php\/wp-json\/wp\/v2\/pages\/1625\/revisions\/1869"}],"wp:attachment":[{"href":"https:\/\/psychologue-chloehamelin.com\/index.php\/wp-json\/wp\/v2\/media?parent=1625"}],"curies":[{"name":"wp","href":"https:\/\/api.w.org\/{rel}","templated":true}]}}